{"id":799,"date":"2021-03-12T18:14:57","date_gmt":"2021-03-12T18:14:57","guid":{"rendered":"https:\/\/biolightuv.com\/es\/?page_id=799"},"modified":"2021-03-15T19:09:05","modified_gmt":"2021-03-15T19:09:05","slug":"servicio-post-venta","status":"publish","type":"page","link":"https:\/\/biolightuv.com\/es\/servicio-post-venta\/","title":{"rendered":"Servicio Post Venta"},"content":{"rendered":"\t\t<div data-elementor-type=\"wp-page\" data-elementor-id=\"799\" class=\"elementor elementor-799\" data-elementor-post-type=\"page\">\n\t\t\t\t\t\t<section class=\"elementor-section elementor-top-section elementor-element elementor-element-9ededdb elementor-section-full_width elementor-section-stretched elementor-section-height-default elementor-section-height-default\" data-id=\"9ededdb\" data-element_type=\"section\" data-settings=\"{&quot;stretch_section&quot;:&quot;section-stretched&quot;,&quot;background_background&quot;:&quot;classic&quot;}\">\n\t\t\t\t\t\t<div class=\"elementor-container elementor-column-gap-default\">\n\t\t\t\t\t<div class=\"elementor-column elementor-col-100 elementor-top-column elementor-element elementor-element-c5708aa\" data-id=\"c5708aa\" data-element_type=\"column\">\n\t\t\t<div class=\"elementor-widget-wrap elementor-element-populated\">\n\t\t\t\t\t\t<div class=\"elementor-element elementor-element-a56689f elementor-widget elementor-widget-heading\" data-id=\"a56689f\" data-element_type=\"widget\" data-widget_type=\"heading.default\">\n\t\t\t\t<div class=\"elementor-widget-container\">\n\t\t\t\t\t<h2 class=\"elementor-heading-title elementor-size-default\">Servicio post venta<\/h2>\t\t\t\t<\/div>\n\t\t\t\t<\/div>\n\t\t\t\t<div class=\"elementor-element elementor-element-734a5a2 elementor-widget elementor-widget-heading\" data-id=\"734a5a2\" data-element_type=\"widget\" data-widget_type=\"heading.default\">\n\t\t\t\t<div class=\"elementor-widget-container\">\n\t\t\t\t\t<h2 class=\"elementor-heading-title elementor-size-default\">Asesoramos en instalaciones, mantenciones y repuestos.<\/h2>\t\t\t\t<\/div>\n\t\t\t\t<\/div>\n\t\t\t\t\t<\/div>\n\t\t<\/div>\n\t\t\t\t\t<\/div>\n\t\t<\/section>\n\t\t\t\t<section class=\"elementor-section elementor-top-section elementor-element elementor-element-07281da elementor-section-boxed elementor-section-height-default elementor-section-height-default\" data-id=\"07281da\" data-element_type=\"section\">\n\t\t\t\t\t\t<div class=\"elementor-container elementor-column-gap-default\">\n\t\t\t\t\t<div class=\"elementor-column elementor-col-100 elementor-top-column elementor-element elementor-element-ed121f3\" data-id=\"ed121f3\" data-element_type=\"column\">\n\t\t\t<div class=\"elementor-widget-wrap elementor-element-populated\">\n\t\t\t\t\t\t<div class=\"elementor-element elementor-element-ea00de0 elementor-widget elementor-widget-text-editor\" data-id=\"ea00de0\" data-element_type=\"widget\" data-widget_type=\"text-editor.default\">\n\t\t\t\t<div class=\"elementor-widget-container\">\n\t\t\t\t\t\t\t\t\t<p>Biolight S.A. preocupado de entregar un servicio integral de gran experiencia y responsabilidad pone a disposici\u00f3n del cliente su servicio de post venta, adem\u00e1s se cuenta con un stock de repuestos en plaza que permite a entregar una respuesta eficiente a las necesidades de los clientes.<\/p>\t\t\t\t\t\t\t\t<\/div>\n\t\t\t\t<\/div>\n\t\t\t\t<section class=\"elementor-section elementor-inner-section elementor-element elementor-element-a33b1ac elementor-section-boxed elementor-section-height-default elementor-section-height-default\" data-id=\"a33b1ac\" data-element_type=\"section\">\n\t\t\t\t\t\t<div class=\"elementor-container elementor-column-gap-default\">\n\t\t\t\t\t<div class=\"elementor-column elementor-col-50 elementor-inner-column elementor-element elementor-element-fcffe4f\" data-id=\"fcffe4f\" data-element_type=\"column\">\n\t\t\t<div class=\"elementor-widget-wrap elementor-element-populated\">\n\t\t\t\t\t\t<div class=\"elementor-element elementor-element-7f61169 elementor-widget elementor-widget-image\" data-id=\"7f61169\" data-element_type=\"widget\" data-widget_type=\"image.default\">\n\t\t\t\t<div class=\"elementor-widget-container\">\n\t\t\t\t\t\t\t\t\t\t\t\t\t\t\t<img fetchpriority=\"high\" decoding=\"async\" width=\"600\" height=\"378\" src=\"https:\/\/biolightuv.com\/es\/wp-content\/uploads\/2021\/03\/mantenciones.jpg\" class=\"attachment-large size-large wp-image-843\" alt=\"\" srcset=\"https:\/\/biolightuv.com\/es\/wp-content\/uploads\/2021\/03\/mantenciones.jpg 600w, https:\/\/biolightuv.com\/es\/wp-content\/uploads\/2021\/03\/mantenciones-300x189.jpg 300w\" sizes=\"(max-width: 600px) 100vw, 600px\" \/>\t\t\t\t\t\t\t\t\t\t\t\t\t\t\t<\/div>\n\t\t\t\t<\/div>\n\t\t\t\t\t<\/div>\n\t\t<\/div>\n\t\t\t\t<div class=\"elementor-column elementor-col-50 elementor-inner-column elementor-element elementor-element-e373537\" data-id=\"e373537\" data-element_type=\"column\">\n\t\t\t<div class=\"elementor-widget-wrap elementor-element-populated\">\n\t\t\t\t\t\t<div class=\"elementor-element elementor-element-265aab1 elementor-widget elementor-widget-heading\" data-id=\"265aab1\" data-element_type=\"widget\" data-widget_type=\"heading.default\">\n\t\t\t\t<div class=\"elementor-widget-container\">\n\t\t\t\t\t<h2 class=\"elementor-heading-title elementor-size-default\">Mantenciones Preventivas y Correctivas<\/h2>\t\t\t\t<\/div>\n\t\t\t\t<\/div>\n\t\t\t\t<div class=\"elementor-element elementor-element-d2fb199 elementor-widget elementor-widget-text-editor\" data-id=\"d2fb199\" data-element_type=\"widget\" data-widget_type=\"text-editor.default\">\n\t\t\t\t<div class=\"elementor-widget-container\">\n\t\t\t\t\t\t\t\t\t<p>Biolight cuenta con un personal capacitado para entregar un servicio de mantenciones de forma efectiva. La estandarizaci\u00f3n aplicada en nuestros equipos permite que tengamos una amplia gama de repuestos de todos nuestros equipos UV.<\/p>\t\t\t\t\t\t\t\t<\/div>\n\t\t\t\t<\/div>\n\t\t\t\t\t<\/div>\n\t\t<\/div>\n\t\t\t\t\t<\/div>\n\t\t<\/section>\n\t\t\t\t<section class=\"elementor-section elementor-inner-section elementor-element elementor-element-aa9eba7 elementor-section-boxed elementor-section-height-default elementor-section-height-default\" data-id=\"aa9eba7\" data-element_type=\"section\">\n\t\t\t\t\t\t<div class=\"elementor-container elementor-column-gap-default\">\n\t\t\t\t\t<div class=\"elementor-column elementor-col-50 elementor-inner-column elementor-element elementor-element-73b0ad2\" data-id=\"73b0ad2\" data-element_type=\"column\">\n\t\t\t<div class=\"elementor-widget-wrap elementor-element-populated\">\n\t\t\t\t\t\t<div class=\"elementor-element elementor-element-03dd4de elementor-widget elementor-widget-heading\" data-id=\"03dd4de\" data-element_type=\"widget\" data-widget_type=\"heading.default\">\n\t\t\t\t<div class=\"elementor-widget-container\">\n\t\t\t\t\t<h2 class=\"elementor-heading-title elementor-size-default\">Mantenci\u00f3n y Repuestos para Filtros de Tambor Rotatorio<\/h2>\t\t\t\t<\/div>\n\t\t\t\t<\/div>\n\t\t\t\t<div class=\"elementor-element elementor-element-fa30436 elementor-widget elementor-widget-text-editor\" data-id=\"fa30436\" data-element_type=\"widget\" data-widget_type=\"text-editor.default\">\n\t\t\t\t<div class=\"elementor-widget-container\">\n\t\t\t\t\t\t\t\t\t<p>Biolight cuenta con un stock permanente de paneles de filtraci\u00f3n de todos los tama\u00f1os. Estos tambores usan un panel filtrante est\u00e1ndar (40x120cm.) el cual es utilizado en todos los modelos.<\/p><p>Contamos adem\u00e1s con repuestos para estos equipos, y un personal altamente experimentado.<\/p>\t\t\t\t\t\t\t\t<\/div>\n\t\t\t\t<\/div>\n\t\t\t\t\t<\/div>\n\t\t<\/div>\n\t\t\t\t<div class=\"elementor-column elementor-col-50 elementor-inner-column elementor-element elementor-element-4e8aad0\" data-id=\"4e8aad0\" data-element_type=\"column\">\n\t\t\t<div class=\"elementor-widget-wrap elementor-element-populated\">\n\t\t\t\t\t\t<div class=\"elementor-element elementor-element-bb1b54c elementor-widget elementor-widget-image\" data-id=\"bb1b54c\" data-element_type=\"widget\" data-widget_type=\"image.default\">\n\t\t\t\t<div class=\"elementor-widget-container\">\n\t\t\t\t\t\t\t\t\t\t\t\t\t\t\t<img decoding=\"async\" width=\"600\" height=\"378\" data-src=\"https:\/\/biolightuv.com\/es\/wp-content\/uploads\/2021\/03\/flitro_rotatorio_ch2.jpg\" class=\"attachment-large size-large wp-image-845 lazyload\" alt=\"\" data-srcset=\"https:\/\/biolightuv.com\/es\/wp-content\/uploads\/2021\/03\/flitro_rotatorio_ch2.jpg 600w, https:\/\/biolightuv.com\/es\/wp-content\/uploads\/2021\/03\/flitro_rotatorio_ch2-300x189.jpg 300w\" data-sizes=\"(max-width: 600px) 100vw, 600px\" src=\"data:image\/gif;base64,R0lGODlhAQABAAAAACH5BAEKAAEALAAAAAABAAEAAAICTAEAOw==\" style=\"--smush-placeholder-width: 600px; --smush-placeholder-aspect-ratio: 600\/378;\" \/>\t\t\t\t\t\t\t\t\t\t\t\t\t\t\t<\/div>\n\t\t\t\t<\/div>\n\t\t\t\t\t<\/div>\n\t\t<\/div>\n\t\t\t\t\t<\/div>\n\t\t<\/section>\n\t\t\t\t<section class=\"elementor-section elementor-inner-section elementor-element elementor-element-d8d4ffc elementor-section-boxed elementor-section-height-default elementor-section-height-default\" data-id=\"d8d4ffc\" data-element_type=\"section\">\n\t\t\t\t\t\t<div class=\"elementor-container elementor-column-gap-default\">\n\t\t\t\t\t<div class=\"elementor-column elementor-col-50 elementor-inner-column elementor-element elementor-element-b79603b\" data-id=\"b79603b\" data-element_type=\"column\">\n\t\t\t<div class=\"elementor-widget-wrap elementor-element-populated\">\n\t\t\t\t\t\t<div class=\"elementor-element elementor-element-8a047fc elementor-widget elementor-widget-image\" data-id=\"8a047fc\" data-element_type=\"widget\" data-widget_type=\"image.default\">\n\t\t\t\t<div class=\"elementor-widget-container\">\n\t\t\t\t\t\t\t\t\t\t\t\t\t\t\t<img decoding=\"async\" width=\"600\" height=\"378\" data-src=\"https:\/\/biolightuv.com\/es\/wp-content\/uploads\/2021\/03\/instalacion_grande_ch.jpg\" class=\"attachment-large size-large wp-image-846 lazyload\" alt=\"\" data-srcset=\"https:\/\/biolightuv.com\/es\/wp-content\/uploads\/2021\/03\/instalacion_grande_ch.jpg 600w, https:\/\/biolightuv.com\/es\/wp-content\/uploads\/2021\/03\/instalacion_grande_ch-300x189.jpg 300w\" data-sizes=\"(max-width: 600px) 100vw, 600px\" src=\"data:image\/gif;base64,R0lGODlhAQABAAAAACH5BAEKAAEALAAAAAABAAEAAAICTAEAOw==\" style=\"--smush-placeholder-width: 600px; --smush-placeholder-aspect-ratio: 600\/378;\" \/>\t\t\t\t\t\t\t\t\t\t\t\t\t\t\t<\/div>\n\t\t\t\t<\/div>\n\t\t\t\t\t<\/div>\n\t\t<\/div>\n\t\t\t\t<div class=\"elementor-column elementor-col-50 elementor-inner-column elementor-element elementor-element-3193761\" data-id=\"3193761\" data-element_type=\"column\">\n\t\t\t<div class=\"elementor-widget-wrap elementor-element-populated\">\n\t\t\t\t\t\t<div class=\"elementor-element elementor-element-2306df3 elementor-widget elementor-widget-heading\" data-id=\"2306df3\" data-element_type=\"widget\" data-widget_type=\"heading.default\">\n\t\t\t\t<div class=\"elementor-widget-container\">\n\t\t\t\t\t<h2 class=\"elementor-heading-title elementor-size-default\">Instalaci\u00f3n y puesta en marcha<\/h2>\t\t\t\t<\/div>\n\t\t\t\t<\/div>\n\t\t\t\t<div class=\"elementor-element elementor-element-65973ee elementor-widget elementor-widget-text-editor\" data-id=\"65973ee\" data-element_type=\"widget\" data-widget_type=\"text-editor.default\">\n\t\t\t\t<div class=\"elementor-widget-container\">\n\t\t\t\t\t\t\t\t\t<p>Biolight S.A. cuenta con m\u00e1s de 25 a\u00f1os de experiencia en instalaciones de gran envergadura, relacionadas a la desinfecci\u00f3n de Luz UV, Ozono y Filtros de Tambor Rotatorio, realizamos instalaciones que aseguran el correcto funcionamiento de nuestros equipos en terreno.<\/p>\t\t\t\t\t\t\t\t<\/div>\n\t\t\t\t<\/div>\n\t\t\t\t\t<\/div>\n\t\t<\/div>\n\t\t\t\t\t<\/div>\n\t\t<\/section>\n\t\t\t\t<section class=\"elementor-section elementor-inner-section elementor-element elementor-element-2aaded3 elementor-section-boxed elementor-section-height-default elementor-section-height-default\" data-id=\"2aaded3\" data-element_type=\"section\">\n\t\t\t\t\t\t<div class=\"elementor-container elementor-column-gap-default\">\n\t\t\t\t\t<div class=\"elementor-column elementor-col-50 elementor-inner-column elementor-element elementor-element-bad4066\" data-id=\"bad4066\" data-element_type=\"column\">\n\t\t\t<div class=\"elementor-widget-wrap elementor-element-populated\">\n\t\t\t\t\t\t<div class=\"elementor-element elementor-element-7ff3c58 elementor-widget elementor-widget-heading\" data-id=\"7ff3c58\" data-element_type=\"widget\" data-widget_type=\"heading.default\">\n\t\t\t\t<div class=\"elementor-widget-container\">\n\t\t\t\t\t<h2 class=\"elementor-heading-title elementor-size-default\">Stock Permanente Filtros Cartridge<\/h2>\t\t\t\t<\/div>\n\t\t\t\t<\/div>\n\t\t\t\t<div class=\"elementor-element elementor-element-8abd236 elementor-widget elementor-widget-text-editor\" data-id=\"8abd236\" data-element_type=\"widget\" data-widget_type=\"text-editor.default\">\n\t\t\t\t<div class=\"elementor-widget-container\">\n\t\t\t\t\t\t\t\t\t<p>Biolight cuenta con un stock permanente de Cartridges para filtraci\u00f3n. <strong>Se dispone de una amplia gama de grados de filtraci\u00f3n.<\/strong><\/p>\t\t\t\t\t\t\t\t<\/div>\n\t\t\t\t<\/div>\n\t\t\t\t\t<\/div>\n\t\t<\/div>\n\t\t\t\t<div class=\"elementor-column elementor-col-50 elementor-inner-column elementor-element elementor-element-4410660\" data-id=\"4410660\" data-element_type=\"column\">\n\t\t\t<div class=\"elementor-widget-wrap elementor-element-populated\">\n\t\t\t\t\t\t<div class=\"elementor-element elementor-element-ffc7003 elementor-widget elementor-widget-image\" data-id=\"ffc7003\" data-element_type=\"widget\" data-widget_type=\"image.default\">\n\t\t\t\t<div class=\"elementor-widget-container\">\n\t\t\t\t\t\t\t\t\t\t\t\t\t\t\t<img decoding=\"async\" width=\"600\" height=\"378\" data-src=\"https:\/\/biolightuv.com\/es\/wp-content\/uploads\/2021\/03\/filtros_ch.jpg\" class=\"attachment-large size-large wp-image-847 lazyload\" alt=\"\" data-srcset=\"https:\/\/biolightuv.com\/es\/wp-content\/uploads\/2021\/03\/filtros_ch.jpg 600w, https:\/\/biolightuv.com\/es\/wp-content\/uploads\/2021\/03\/filtros_ch-300x189.jpg 300w\" data-sizes=\"(max-width: 600px) 100vw, 600px\" src=\"data:image\/gif;base64,R0lGODlhAQABAAAAACH5BAEKAAEALAAAAAABAAEAAAICTAEAOw==\" style=\"--smush-placeholder-width: 600px; --smush-placeholder-aspect-ratio: 600\/378;\" \/>\t\t\t\t\t\t\t\t\t\t\t\t\t\t\t<\/div>\n\t\t\t\t<\/div>\n\t\t\t\t\t<\/div>\n\t\t<\/div>\n\t\t\t\t\t<\/div>\n\t\t<\/section>\n\t\t\t\t\t<\/div>\n\t\t<\/div>\n\t\t\t\t\t<\/div>\n\t\t<\/section>\n\t\t\t\t<\/div>\n\t\t","protected":false},"excerpt":{"rendered":"<p>Servicio post venta Asesoramos en instalaciones, mantenciones y repuestos. Biolight S.A. preocupado de entregar un servicio integral de gran experiencia y responsabilidad pone a disposici\u00f3n del cliente su servicio de post venta, adem\u00e1s se cuenta con un stock de repuestos en plaza que permite a entregar una respuesta eficiente a las necesidades de los clientes. [&hellip;]<\/p>\n","protected":false},"author":3,"featured_media":0,"parent":0,"menu_order":0,"comment_status":"closed","ping_status":"closed","template":"","meta":{"ocean_post_layout":"","ocean_both_sidebars_style":"","ocean_both_sidebars_content_width":0,"ocean_both_sidebars_sidebars_width":0,"ocean_sidebar":"0","ocean_second_sidebar":"0","ocean_disable_margins":"enable","ocean_add_body_class":"","ocean_shortcode_before_top_bar":"","ocean_shortcode_after_top_bar":"","ocean_shortcode_before_header":"","ocean_shortcode_after_header":"","ocean_has_shortcode":"","ocean_shortcode_after_title":"","ocean_shortcode_before_footer_widgets":"","ocean_shortcode_after_footer_widgets":"","ocean_shortcode_before_footer_bottom":"","ocean_shortcode_after_footer_bottom":"","ocean_display_top_bar":"default","ocean_display_header":"default","ocean_header_style":"","ocean_center_header_left_menu":"0","ocean_custom_header_template":"0","ocean_custom_logo":0,"ocean_custom_retina_logo":0,"ocean_custom_logo_max_width":0,"ocean_custom_logo_tablet_max_width":0,"ocean_custom_logo_mobile_max_width":0,"ocean_custom_logo_max_height":0,"ocean_custom_logo_tablet_max_height":0,"ocean_custom_logo_mobile_max_height":0,"ocean_header_custom_menu":"0","ocean_menu_typo_font_family":"0","ocean_menu_typo_font_subset":"","ocean_menu_typo_font_size":0,"ocean_menu_typo_font_size_tablet":0,"ocean_menu_typo_font_size_mobile":0,"ocean_menu_typo_font_size_unit":"px","ocean_menu_typo_font_weight":"","ocean_menu_typo_font_weight_tablet":"","ocean_menu_typo_font_weight_mobile":"","ocean_menu_typo_transform":"","ocean_menu_typo_transform_tablet":"","ocean_menu_typo_transform_mobile":"","ocean_menu_typo_line_height":0,"ocean_menu_typo_line_height_tablet":0,"ocean_menu_typo_line_height_mobile":0,"ocean_menu_typo_line_height_unit":"","ocean_menu_typo_spacing":0,"ocean_menu_typo_spacing_tablet":0,"ocean_menu_typo_spacing_mobile":0,"ocean_menu_typo_spacing_unit":"","ocean_menu_link_color":"","ocean_menu_link_color_hover":"","ocean_menu_link_color_active":"","ocean_menu_link_background":"","ocean_menu_link_hover_background":"","ocean_menu_link_active_background":"","ocean_menu_social_links_bg":"","ocean_menu_social_hover_links_bg":"","ocean_menu_social_links_color":"","ocean_menu_social_hover_links_color":"","ocean_disable_title":"on","ocean_disable_heading":"default","ocean_post_title":"","ocean_post_subheading":"","ocean_post_title_style":"","ocean_post_title_background_color":"","ocean_post_title_background":0,"ocean_post_title_bg_image_position":"","ocean_post_title_bg_image_attachment":"","ocean_post_title_bg_image_repeat":"","ocean_post_title_bg_image_size":"","ocean_post_title_height":0,"ocean_post_title_bg_overlay":0.5,"ocean_post_title_bg_overlay_color":"","ocean_disable_breadcrumbs":"default","ocean_breadcrumbs_color":"","ocean_breadcrumbs_separator_color":"","ocean_breadcrumbs_links_color":"","ocean_breadcrumbs_links_hover_color":"","ocean_display_footer_widgets":"default","ocean_display_footer_bottom":"default","ocean_custom_footer_template":"0","footnotes":""},"class_list":["post-799","page","type-page","status-publish","hentry","entry"],"yoast_head":"<!-- This site is optimized with the Yoast SEO plugin v27.5 - https:\/\/yoast.com\/product\/yoast-seo-wordpress\/ -->\n<title>Servicio Post Venta - Biolight<\/title>\n<meta name=\"robots\" content=\"index, follow, max-snippet:-1, max-image-preview:large, max-video-preview:-1\" \/>\n<link rel=\"canonical\" href=\"https:\/\/biolightuv.com\/es\/servicio-post-venta\/\" \/>\n<meta property=\"og:locale\" content=\"es_ES\" \/>\n<meta property=\"og:type\" content=\"article\" \/>\n<meta property=\"og:title\" content=\"Servicio Post Venta - Biolight\" \/>\n<meta property=\"og:description\" content=\"Servicio post venta Asesoramos en instalaciones, mantenciones y repuestos. Biolight S.A. preocupado de entregar un servicio integral de gran experiencia y responsabilidad pone a disposici\u00f3n del cliente su servicio de post venta, adem\u00e1s se cuenta con un stock de repuestos en plaza que permite a entregar una respuesta eficiente a las necesidades de los clientes. [&hellip;]\" \/>\n<meta property=\"og:url\" content=\"https:\/\/biolightuv.com\/es\/servicio-post-venta\/\" \/>\n<meta property=\"og:site_name\" content=\"Biolight\" \/>\n<meta property=\"article:modified_time\" content=\"2021-03-15T19:09:05+00:00\" \/>\n<meta property=\"og:image\" content=\"https:\/\/biolightuv.com\/es\/wp-content\/uploads\/2021\/03\/mantenciones.jpg\" \/>\n<meta name=\"twitter:card\" content=\"summary_large_image\" \/>\n<meta name=\"twitter:label1\" content=\"Tiempo de lectura\" \/>\n\t<meta name=\"twitter:data1\" content=\"2 minutos\" \/>\n<script type=\"application\/ld+json\" class=\"yoast-schema-graph\">{\"@context\":\"https:\\\/\\\/schema.org\",\"@graph\":[{\"@type\":\"WebPage\",\"@id\":\"https:\\\/\\\/biolightuv.com\\\/es\\\/servicio-post-venta\\\/\",\"url\":\"https:\\\/\\\/biolightuv.com\\\/es\\\/servicio-post-venta\\\/\",\"name\":\"Servicio Post Venta - Biolight\",\"isPartOf\":{\"@id\":\"https:\\\/\\\/biolightuv.com\\\/es\\\/#website\"},\"primaryImageOfPage\":{\"@id\":\"https:\\\/\\\/biolightuv.com\\\/es\\\/servicio-post-venta\\\/#primaryimage\"},\"image\":{\"@id\":\"https:\\\/\\\/biolightuv.com\\\/es\\\/servicio-post-venta\\\/#primaryimage\"},\"thumbnailUrl\":\"https:\\\/\\\/biolightuv.com\\\/es\\\/wp-content\\\/uploads\\\/2021\\\/03\\\/mantenciones.jpg\",\"datePublished\":\"2021-03-12T18:14:57+00:00\",\"dateModified\":\"2021-03-15T19:09:05+00:00\",\"breadcrumb\":{\"@id\":\"https:\\\/\\\/biolightuv.com\\\/es\\\/servicio-post-venta\\\/#breadcrumb\"},\"inLanguage\":\"es\",\"potentialAction\":[{\"@type\":\"ReadAction\",\"target\":[\"https:\\\/\\\/biolightuv.com\\\/es\\\/servicio-post-venta\\\/\"]}]},{\"@type\":\"ImageObject\",\"inLanguage\":\"es\",\"@id\":\"https:\\\/\\\/biolightuv.com\\\/es\\\/servicio-post-venta\\\/#primaryimage\",\"url\":\"https:\\\/\\\/biolightuv.com\\\/es\\\/wp-content\\\/uploads\\\/2021\\\/03\\\/mantenciones.jpg\",\"contentUrl\":\"https:\\\/\\\/biolightuv.com\\\/es\\\/wp-content\\\/uploads\\\/2021\\\/03\\\/mantenciones.jpg\",\"width\":600,\"height\":378},{\"@type\":\"BreadcrumbList\",\"@id\":\"https:\\\/\\\/biolightuv.com\\\/es\\\/servicio-post-venta\\\/#breadcrumb\",\"itemListElement\":[{\"@type\":\"ListItem\",\"position\":1,\"name\":\"Inicio\",\"item\":\"https:\\\/\\\/biolightuv.com\\\/es\\\/\"},{\"@type\":\"ListItem\",\"position\":2,\"name\":\"Servicio Post Venta\"}]},{\"@type\":\"WebSite\",\"@id\":\"https:\\\/\\\/biolightuv.com\\\/es\\\/#website\",\"url\":\"https:\\\/\\\/biolightuv.com\\\/es\\\/\",\"name\":\"Biolight\",\"description\":\"Expertos en desinfecci\u00f3n UV\",\"publisher\":{\"@id\":\"https:\\\/\\\/biolightuv.com\\\/es\\\/#organization\"},\"potentialAction\":[{\"@type\":\"SearchAction\",\"target\":{\"@type\":\"EntryPoint\",\"urlTemplate\":\"https:\\\/\\\/biolightuv.com\\\/es\\\/?s={search_term_string}\"},\"query-input\":{\"@type\":\"PropertyValueSpecification\",\"valueRequired\":true,\"valueName\":\"search_term_string\"}}],\"inLanguage\":\"es\"},{\"@type\":\"Organization\",\"@id\":\"https:\\\/\\\/biolightuv.com\\\/es\\\/#organization\",\"name\":\"Biolight\",\"url\":\"https:\\\/\\\/biolightuv.com\\\/es\\\/\",\"logo\":{\"@type\":\"ImageObject\",\"inLanguage\":\"es\",\"@id\":\"https:\\\/\\\/biolightuv.com\\\/es\\\/#\\\/schema\\\/logo\\\/image\\\/\",\"url\":\"https:\\\/\\\/biolightuv.com\\\/es\\\/wp-content\\\/uploads\\\/2021\\\/03\\\/logo.png\",\"contentUrl\":\"https:\\\/\\\/biolightuv.com\\\/es\\\/wp-content\\\/uploads\\\/2021\\\/03\\\/logo.png\",\"width\":231,\"height\":70,\"caption\":\"Biolight\"},\"image\":{\"@id\":\"https:\\\/\\\/biolightuv.com\\\/es\\\/#\\\/schema\\\/logo\\\/image\\\/\"}}]}<\/script>\n<!-- \/ Yoast SEO plugin. -->","yoast_head_json":{"title":"Servicio Post Venta - Biolight","robots":{"index":"index","follow":"follow","max-snippet":"max-snippet:-1","max-image-preview":"max-image-preview:large","max-video-preview":"max-video-preview:-1"},"canonical":"https:\/\/biolightuv.com\/es\/servicio-post-venta\/","og_locale":"es_ES","og_type":"article","og_title":"Servicio Post Venta - Biolight","og_description":"Servicio post venta Asesoramos en instalaciones, mantenciones y repuestos. Biolight S.A. preocupado de entregar un servicio integral de gran experiencia y responsabilidad pone a disposici\u00f3n del cliente su servicio de post venta, adem\u00e1s se cuenta con un stock de repuestos en plaza que permite a entregar una respuesta eficiente a las necesidades de los clientes. [&hellip;]","og_url":"https:\/\/biolightuv.com\/es\/servicio-post-venta\/","og_site_name":"Biolight","article_modified_time":"2021-03-15T19:09:05+00:00","og_image":[{"url":"https:\/\/biolightuv.com\/es\/wp-content\/uploads\/2021\/03\/mantenciones.jpg","type":"","width":"","height":""}],"twitter_card":"summary_large_image","twitter_misc":{"Tiempo de lectura":"2 minutos"},"schema":{"@context":"https:\/\/schema.org","@graph":[{"@type":"WebPage","@id":"https:\/\/biolightuv.com\/es\/servicio-post-venta\/","url":"https:\/\/biolightuv.com\/es\/servicio-post-venta\/","name":"Servicio Post Venta - Biolight","isPartOf":{"@id":"https:\/\/biolightuv.com\/es\/#website"},"primaryImageOfPage":{"@id":"https:\/\/biolightuv.com\/es\/servicio-post-venta\/#primaryimage"},"image":{"@id":"https:\/\/biolightuv.com\/es\/servicio-post-venta\/#primaryimage"},"thumbnailUrl":"https:\/\/biolightuv.com\/es\/wp-content\/uploads\/2021\/03\/mantenciones.jpg","datePublished":"2021-03-12T18:14:57+00:00","dateModified":"2021-03-15T19:09:05+00:00","breadcrumb":{"@id":"https:\/\/biolightuv.com\/es\/servicio-post-venta\/#breadcrumb"},"inLanguage":"es","potentialAction":[{"@type":"ReadAction","target":["https:\/\/biolightuv.com\/es\/servicio-post-venta\/"]}]},{"@type":"ImageObject","inLanguage":"es","@id":"https:\/\/biolightuv.com\/es\/servicio-post-venta\/#primaryimage","url":"https:\/\/biolightuv.com\/es\/wp-content\/uploads\/2021\/03\/mantenciones.jpg","contentUrl":"https:\/\/biolightuv.com\/es\/wp-content\/uploads\/2021\/03\/mantenciones.jpg","width":600,"height":378},{"@type":"BreadcrumbList","@id":"https:\/\/biolightuv.com\/es\/servicio-post-venta\/#breadcrumb","itemListElement":[{"@type":"ListItem","position":1,"name":"Inicio","item":"https:\/\/biolightuv.com\/es\/"},{"@type":"ListItem","position":2,"name":"Servicio Post Venta"}]},{"@type":"WebSite","@id":"https:\/\/biolightuv.com\/es\/#website","url":"https:\/\/biolightuv.com\/es\/","name":"Biolight","description":"Expertos en desinfecci\u00f3n UV","publisher":{"@id":"https:\/\/biolightuv.com\/es\/#organization"},"potentialAction":[{"@type":"SearchAction","target":{"@type":"EntryPoint","urlTemplate":"https:\/\/biolightuv.com\/es\/?s={search_term_string}"},"query-input":{"@type":"PropertyValueSpecification","valueRequired":true,"valueName":"search_term_string"}}],"inLanguage":"es"},{"@type":"Organization","@id":"https:\/\/biolightuv.com\/es\/#organization","name":"Biolight","url":"https:\/\/biolightuv.com\/es\/","logo":{"@type":"ImageObject","inLanguage":"es","@id":"https:\/\/biolightuv.com\/es\/#\/schema\/logo\/image\/","url":"https:\/\/biolightuv.com\/es\/wp-content\/uploads\/2021\/03\/logo.png","contentUrl":"https:\/\/biolightuv.com\/es\/wp-content\/uploads\/2021\/03\/logo.png","width":231,"height":70,"caption":"Biolight"},"image":{"@id":"https:\/\/biolightuv.com\/es\/#\/schema\/logo\/image\/"}}]}},"_links":{"self":[{"href":"https:\/\/biolightuv.com\/es\/wp-json\/wp\/v2\/pages\/799","targetHints":{"allow":["GET"]}}],"collection":[{"href":"https:\/\/biolightuv.com\/es\/wp-json\/wp\/v2\/pages"}],"about":[{"href":"https:\/\/biolightuv.com\/es\/wp-json\/wp\/v2\/types\/page"}],"author":[{"embeddable":true,"href":"https:\/\/biolightuv.com\/es\/wp-json\/wp\/v2\/users\/3"}],"replies":[{"embeddable":true,"href":"https:\/\/biolightuv.com\/es\/wp-json\/wp\/v2\/comments?post=799"}],"version-history":[{"count":19,"href":"https:\/\/biolightuv.com\/es\/wp-json\/wp\/v2\/pages\/799\/revisions"}],"predecessor-version":[{"id":859,"href":"https:\/\/biolightuv.com\/es\/wp-json\/wp\/v2\/pages\/799\/revisions\/859"}],"wp:attachment":[{"href":"https:\/\/biolightuv.com\/es\/wp-json\/wp\/v2\/media?parent=799"}],"curies":[{"name":"wp","href":"https:\/\/api.w.org\/{rel}","templated":true}]}}