{"id":473,"date":"2021-03-05T13:08:47","date_gmt":"2021-03-05T13:08:47","guid":{"rendered":"https:\/\/biolightuv.com\/es\/?page_id=473"},"modified":"2023-06-22T11:30:42","modified_gmt":"2023-06-22T14:30:42","slug":"agricultura","status":"publish","type":"page","link":"https:\/\/biolightuv.com\/es\/agricultura\/","title":{"rendered":"Agricultura"},"content":{"rendered":"\t\t<div data-elementor-type=\"wp-page\" data-elementor-id=\"473\" class=\"elementor elementor-473\" data-elementor-post-type=\"page\">\n\t\t\t\t\t\t<section class=\"elementor-section elementor-top-section elementor-element elementor-element-4a4c52a elementor-section-full_width elementor-section-stretched elementor-section-height-default elementor-section-height-default\" data-id=\"4a4c52a\" data-element_type=\"section\" data-settings=\"{&quot;stretch_section&quot;:&quot;section-stretched&quot;,&quot;background_background&quot;:&quot;classic&quot;}\">\n\t\t\t\t\t\t<div class=\"elementor-container elementor-column-gap-default\">\n\t\t\t\t\t<div class=\"elementor-column elementor-col-100 elementor-top-column elementor-element elementor-element-9869896\" data-id=\"9869896\" data-element_type=\"column\">\n\t\t\t<div class=\"elementor-widget-wrap elementor-element-populated\">\n\t\t\t\t\t\t<div class=\"elementor-element elementor-element-6618d16 elementor-widget elementor-widget-heading\" data-id=\"6618d16\" data-element_type=\"widget\" data-widget_type=\"heading.default\">\n\t\t\t\t<div class=\"elementor-widget-container\">\n\t\t\t\t\t<h2 class=\"elementor-heading-title elementor-size-default\">Aplicaciones Agr\u00edcolas<\/h2>\t\t\t\t<\/div>\n\t\t\t\t<\/div>\n\t\t\t\t<div class=\"elementor-element elementor-element-322fef9 elementor-widget elementor-widget-heading\" data-id=\"322fef9\" data-element_type=\"widget\" data-widget_type=\"heading.default\">\n\t\t\t\t<div class=\"elementor-widget-container\">\n\t\t\t\t\t<h2 class=\"elementor-heading-title elementor-size-default\">Disminuci\u00f3n de elementos pat\u00f3genos dentro del tratamiento de aguas de riego.<\/h2>\t\t\t\t<\/div>\n\t\t\t\t<\/div>\n\t\t\t\t\t<\/div>\n\t\t<\/div>\n\t\t\t\t\t<\/div>\n\t\t<\/section>\n\t\t\t\t<section class=\"elementor-section elementor-top-section elementor-element elementor-element-eb416b3 elementor-section-boxed elementor-section-height-default elementor-section-height-default\" data-id=\"eb416b3\" data-element_type=\"section\">\n\t\t\t\t\t\t<div class=\"elementor-container elementor-column-gap-default\">\n\t\t\t\t\t<div class=\"elementor-column elementor-col-100 elementor-top-column elementor-element elementor-element-083aa42\" data-id=\"083aa42\" data-element_type=\"column\">\n\t\t\t<div class=\"elementor-widget-wrap elementor-element-populated\">\n\t\t\t\t\t\t<div class=\"elementor-element elementor-element-f07bf22 elementor-widget elementor-widget-text-editor\" data-id=\"f07bf22\" data-element_type=\"widget\" data-widget_type=\"text-editor.default\">\n\t\t\t\t<div class=\"elementor-widget-container\">\n\t\t\t\t\t\t\t\t\t<p>Biolight S.A. en conjunto con prestigiosas instituciones chilenas como la CNR (Comisi\u00f3n Nacional de Riego), CENMA (Centro Nacional del Medio Ambiente) y el INIA (Instituto de Investigaciones Agropecuarias) ha desarrollado experiencias de desinfecci\u00f3n con luz ultravioleta de aguas de canal para su uso en el riego de hortalizas, berries y frutales, comprob\u00e1ndose su \u00e9xito y aplicaci\u00f3n.<\/p>\t\t\t\t\t\t\t\t<\/div>\n\t\t\t\t<\/div>\n\t\t\t\t\t<\/div>\n\t\t<\/div>\n\t\t\t\t\t<\/div>\n\t\t<\/section>\n\t\t\t\t<section class=\"elementor-section elementor-top-section elementor-element elementor-element-e67e4f1 elementor-section-boxed elementor-section-height-default elementor-section-height-default\" data-id=\"e67e4f1\" data-element_type=\"section\">\n\t\t\t\t\t\t<div class=\"elementor-container elementor-column-gap-default\">\n\t\t\t\t\t<div class=\"elementor-column elementor-col-33 elementor-top-column elementor-element elementor-element-3d283df\" data-id=\"3d283df\" data-element_type=\"column\">\n\t\t\t<div class=\"elementor-widget-wrap elementor-element-populated\">\n\t\t\t\t\t\t<div class=\"elementor-element elementor-element-b5d5188 elementor-widget elementor-widget-image\" data-id=\"b5d5188\" data-element_type=\"widget\" data-widget_type=\"image.default\">\n\t\t\t\t<div class=\"elementor-widget-container\">\n\t\t\t\t\t\t\t\t\t\t\t\t\t\t\t<img fetchpriority=\"high\" decoding=\"async\" width=\"320\" height=\"320\" src=\"https:\/\/biolightuv.com\/es\/wp-content\/uploads\/2021\/03\/agua_agricola1.jpg\" class=\"attachment-large size-large wp-image-482\" alt=\"\" srcset=\"https:\/\/biolightuv.com\/es\/wp-content\/uploads\/2021\/03\/agua_agricola1.jpg 320w, https:\/\/biolightuv.com\/es\/wp-content\/uploads\/2021\/03\/agua_agricola1-300x300.jpg 300w, https:\/\/biolightuv.com\/es\/wp-content\/uploads\/2021\/03\/agua_agricola1-100x100.jpg 100w, https:\/\/biolightuv.com\/es\/wp-content\/uploads\/2021\/03\/agua_agricola1-150x150.jpg 150w\" sizes=\"(max-width: 320px) 100vw, 320px\" \/>\t\t\t\t\t\t\t\t\t\t\t\t\t\t\t<\/div>\n\t\t\t\t<\/div>\n\t\t\t\t\t<\/div>\n\t\t<\/div>\n\t\t\t\t<div class=\"elementor-column elementor-col-33 elementor-top-column elementor-element elementor-element-c2905c3\" data-id=\"c2905c3\" data-element_type=\"column\">\n\t\t\t<div class=\"elementor-widget-wrap elementor-element-populated\">\n\t\t\t\t\t\t<div class=\"elementor-element elementor-element-f125a27 elementor-widget elementor-widget-image\" data-id=\"f125a27\" data-element_type=\"widget\" data-widget_type=\"image.default\">\n\t\t\t\t<div class=\"elementor-widget-container\">\n\t\t\t\t\t\t\t\t\t\t\t\t\t\t\t<img decoding=\"async\" width=\"320\" height=\"320\" data-src=\"https:\/\/biolightuv.com\/es\/wp-content\/uploads\/2021\/03\/agua_agricola2.jpg\" class=\"attachment-large size-large wp-image-483 lazyload\" alt=\"\" data-srcset=\"https:\/\/biolightuv.com\/es\/wp-content\/uploads\/2021\/03\/agua_agricola2.jpg 320w, https:\/\/biolightuv.com\/es\/wp-content\/uploads\/2021\/03\/agua_agricola2-300x300.jpg 300w, https:\/\/biolightuv.com\/es\/wp-content\/uploads\/2021\/03\/agua_agricola2-100x100.jpg 100w, https:\/\/biolightuv.com\/es\/wp-content\/uploads\/2021\/03\/agua_agricola2-150x150.jpg 150w\" data-sizes=\"(max-width: 320px) 100vw, 320px\" src=\"data:image\/gif;base64,R0lGODlhAQABAAAAACH5BAEKAAEALAAAAAABAAEAAAICTAEAOw==\" style=\"--smush-placeholder-width: 320px; --smush-placeholder-aspect-ratio: 320\/320;\" \/>\t\t\t\t\t\t\t\t\t\t\t\t\t\t\t<\/div>\n\t\t\t\t<\/div>\n\t\t\t\t\t<\/div>\n\t\t<\/div>\n\t\t\t\t<div class=\"elementor-column elementor-col-33 elementor-top-column elementor-element elementor-element-399f33d\" data-id=\"399f33d\" data-element_type=\"column\">\n\t\t\t<div class=\"elementor-widget-wrap elementor-element-populated\">\n\t\t\t\t\t\t<div class=\"elementor-element elementor-element-20ff675 elementor-widget elementor-widget-image\" data-id=\"20ff675\" data-element_type=\"widget\" data-widget_type=\"image.default\">\n\t\t\t\t<div class=\"elementor-widget-container\">\n\t\t\t\t\t\t\t\t\t\t\t\t\t\t\t<img decoding=\"async\" width=\"320\" height=\"320\" data-src=\"https:\/\/biolightuv.com\/es\/wp-content\/uploads\/2021\/03\/agua_agricola3.jpg\" class=\"attachment-large size-large wp-image-484 lazyload\" alt=\"\" data-srcset=\"https:\/\/biolightuv.com\/es\/wp-content\/uploads\/2021\/03\/agua_agricola3.jpg 320w, https:\/\/biolightuv.com\/es\/wp-content\/uploads\/2021\/03\/agua_agricola3-300x300.jpg 300w, https:\/\/biolightuv.com\/es\/wp-content\/uploads\/2021\/03\/agua_agricola3-100x100.jpg 100w, https:\/\/biolightuv.com\/es\/wp-content\/uploads\/2021\/03\/agua_agricola3-150x150.jpg 150w\" data-sizes=\"(max-width: 320px) 100vw, 320px\" src=\"data:image\/gif;base64,R0lGODlhAQABAAAAACH5BAEKAAEALAAAAAABAAEAAAICTAEAOw==\" style=\"--smush-placeholder-width: 320px; --smush-placeholder-aspect-ratio: 320\/320;\" \/>\t\t\t\t\t\t\t\t\t\t\t\t\t\t\t<\/div>\n\t\t\t\t<\/div>\n\t\t\t\t\t<\/div>\n\t\t<\/div>\n\t\t\t\t\t<\/div>\n\t\t<\/section>\n\t\t\t\t<section class=\"elementor-section elementor-top-section elementor-element elementor-element-6aa7b94 elementor-section-boxed elementor-section-height-default elementor-section-height-default\" data-id=\"6aa7b94\" data-element_type=\"section\">\n\t\t\t\t\t\t<div class=\"elementor-container elementor-column-gap-default\">\n\t\t\t\t\t<div class=\"elementor-column elementor-col-100 elementor-top-column elementor-element elementor-element-74ddbe6\" data-id=\"74ddbe6\" data-element_type=\"column\">\n\t\t\t<div class=\"elementor-widget-wrap elementor-element-populated\">\n\t\t\t\t\t\t<div class=\"elementor-element elementor-element-3229e25 elementor-widget elementor-widget-text-editor\" data-id=\"3229e25\" data-element_type=\"widget\" data-widget_type=\"text-editor.default\">\n\t\t\t\t<div class=\"elementor-widget-container\">\n\t\t\t\t\t\t\t\t\t<p>En Chile, el agua destinada para riego, debe cumplir con las siguientes caracter\u00edsticas:<\/p><p>&#8211; <strong>Libre de elementos qu\u00edmicos<\/strong>: Debe cumplir con las concentraciones m\u00e1ximas de qu\u00edmicos y un pH dentro del rango establecido.<\/p><p>&#8211; <strong>Conductividad espec\u00edfica y s\u00f3lidos disueltos totales<\/strong>: se debe cumplir con los par\u00e1metros establecidos, los cuales var\u00edan seg\u00fan el tipo de cultivo que se desee regar.<\/p><p>&#8211; <strong>Requisitos Bacteriol\u00f3gicos<\/strong>: El contenido de coliformes fecales en aguas de riego destinadas al cultivo de verduras y frutas que se desarrollen a ras de suelo, debe ser menor o igual a 1000 cada 100 ml.<\/p><p>El agua residual se debe tratar de forma previa a las actividades de desinfecci\u00f3n, con el objetivo de que la acci\u00f3n de cualquier desinfectante sea eficaz.<\/p><p>La disminuci\u00f3n de elementos pat\u00f3genos es una etapa muy importante dentro del tratamiento de aguas de riego ya que \u00e9sta , tanto a los usuarios aguas abajo, como al medio ambiente.<\/p>\t\t\t\t\t\t\t\t<\/div>\n\t\t\t\t<\/div>\n\t\t\t\t\t<\/div>\n\t\t<\/div>\n\t\t\t\t\t<\/div>\n\t\t<\/section>\n\t\t\t\t<section class=\"elementor-section elementor-top-section elementor-element elementor-element-6268343 elementor-section-boxed elementor-section-height-default elementor-section-height-default\" data-id=\"6268343\" data-element_type=\"section\">\n\t\t\t\t\t\t<div class=\"elementor-container elementor-column-gap-default\">\n\t\t\t\t\t<div class=\"elementor-column elementor-col-50 elementor-top-column elementor-element elementor-element-047163c\" data-id=\"047163c\" data-element_type=\"column\">\n\t\t\t<div class=\"elementor-widget-wrap elementor-element-populated\">\n\t\t\t\t\t\t<div class=\"elementor-element elementor-element-ea2389d elementor-widget elementor-widget-image\" data-id=\"ea2389d\" data-element_type=\"widget\" data-widget_type=\"image.default\">\n\t\t\t\t<div class=\"elementor-widget-container\">\n\t\t\t\t\t\t\t\t\t\t\t\t\t\t\t<img decoding=\"async\" width=\"300\" height=\"300\" data-src=\"https:\/\/biolightuv.com\/es\/wp-content\/uploads\/2021\/03\/xuv1-300x300.jpg\" class=\"attachment-medium size-medium wp-image-488 lazyload\" alt=\"\" data-srcset=\"https:\/\/biolightuv.com\/es\/wp-content\/uploads\/2021\/03\/xuv1-300x300.jpg 300w, https:\/\/biolightuv.com\/es\/wp-content\/uploads\/2021\/03\/xuv1-100x100.jpg 100w, https:\/\/biolightuv.com\/es\/wp-content\/uploads\/2021\/03\/xuv1-150x150.jpg 150w, https:\/\/biolightuv.com\/es\/wp-content\/uploads\/2021\/03\/xuv1.jpg 400w\" data-sizes=\"(max-width: 300px) 100vw, 300px\" src=\"data:image\/gif;base64,R0lGODlhAQABAAAAACH5BAEKAAEALAAAAAABAAEAAAICTAEAOw==\" style=\"--smush-placeholder-width: 300px; --smush-placeholder-aspect-ratio: 300\/300;\" \/>\t\t\t\t\t\t\t\t\t\t\t\t\t\t\t<\/div>\n\t\t\t\t<\/div>\n\t\t\t\t\t<\/div>\n\t\t<\/div>\n\t\t\t\t<div class=\"elementor-column elementor-col-50 elementor-top-column elementor-element elementor-element-06670ac\" data-id=\"06670ac\" data-element_type=\"column\">\n\t\t\t<div class=\"elementor-widget-wrap elementor-element-populated\">\n\t\t\t\t\t\t<div class=\"elementor-element elementor-element-0c4449c elementor-widget elementor-widget-image\" data-id=\"0c4449c\" data-element_type=\"widget\" data-widget_type=\"image.default\">\n\t\t\t\t<div class=\"elementor-widget-container\">\n\t\t\t\t\t\t\t\t\t\t\t\t\t\t\t<img decoding=\"async\" width=\"300\" height=\"300\" data-src=\"https:\/\/biolightuv.com\/es\/wp-content\/uploads\/2021\/03\/uvpvc1-300x300.jpg\" class=\"attachment-medium size-medium wp-image-489 lazyload\" alt=\"\" data-srcset=\"https:\/\/biolightuv.com\/es\/wp-content\/uploads\/2021\/03\/uvpvc1-300x300.jpg 300w, https:\/\/biolightuv.com\/es\/wp-content\/uploads\/2021\/03\/uvpvc1-100x100.jpg 100w, https:\/\/biolightuv.com\/es\/wp-content\/uploads\/2021\/03\/uvpvc1-150x150.jpg 150w, https:\/\/biolightuv.com\/es\/wp-content\/uploads\/2021\/03\/uvpvc1.jpg 400w\" data-sizes=\"(max-width: 300px) 100vw, 300px\" src=\"data:image\/gif;base64,R0lGODlhAQABAAAAACH5BAEKAAEALAAAAAABAAEAAAICTAEAOw==\" style=\"--smush-placeholder-width: 300px; --smush-placeholder-aspect-ratio: 300\/300;\" \/>\t\t\t\t\t\t\t\t\t\t\t\t\t\t\t<\/div>\n\t\t\t\t<\/div>\n\t\t\t\t\t<\/div>\n\t\t<\/div>\n\t\t\t\t\t<\/div>\n\t\t<\/section>\n\t\t\t\t<\/div>\n\t\t","protected":false},"excerpt":{"rendered":"<p>Aplicaciones Agr\u00edcolas Disminuci\u00f3n de elementos pat\u00f3genos dentro del tratamiento de aguas de riego. Biolight S.A. en conjunto con prestigiosas instituciones chilenas como la CNR (Comisi\u00f3n Nacional de Riego), CENMA (Centro Nacional del Medio Ambiente) y el INIA (Instituto de Investigaciones Agropecuarias) ha desarrollado experiencias de desinfecci\u00f3n con luz ultravioleta de aguas de canal para su [&hellip;]<\/p>\n","protected":false},"author":1,"featured_media":0,"parent":0,"menu_order":0,"comment_status":"closed","ping_status":"closed","template":"","meta":{"ocean_post_layout":"","ocean_both_sidebars_style":"","ocean_both_sidebars_content_width":0,"ocean_both_sidebars_sidebars_width":0,"ocean_sidebar":"0","ocean_second_sidebar":"0","ocean_disable_margins":"enable","ocean_add_body_class":"","ocean_shortcode_before_top_bar":"","ocean_shortcode_after_top_bar":"","ocean_shortcode_before_header":"","ocean_shortcode_after_header":"","ocean_has_shortcode":"","ocean_shortcode_after_title":"","ocean_shortcode_before_footer_widgets":"","ocean_shortcode_after_footer_widgets":"","ocean_shortcode_before_footer_bottom":"","ocean_shortcode_after_footer_bottom":"","ocean_display_top_bar":"default","ocean_display_header":"default","ocean_header_style":"","ocean_center_header_left_menu":"0","ocean_custom_header_template":"0","ocean_custom_logo":0,"ocean_custom_retina_logo":0,"ocean_custom_logo_max_width":0,"ocean_custom_logo_tablet_max_width":0,"ocean_custom_logo_mobile_max_width":0,"ocean_custom_logo_max_height":0,"ocean_custom_logo_tablet_max_height":0,"ocean_custom_logo_mobile_max_height":0,"ocean_header_custom_menu":"0","ocean_menu_typo_font_family":"0","ocean_menu_typo_font_subset":"","ocean_menu_typo_font_size":0,"ocean_menu_typo_font_size_tablet":0,"ocean_menu_typo_font_size_mobile":0,"ocean_menu_typo_font_size_unit":"px","ocean_menu_typo_font_weight":"","ocean_menu_typo_font_weight_tablet":"","ocean_menu_typo_font_weight_mobile":"","ocean_menu_typo_transform":"","ocean_menu_typo_transform_tablet":"","ocean_menu_typo_transform_mobile":"","ocean_menu_typo_line_height":0,"ocean_menu_typo_line_height_tablet":0,"ocean_menu_typo_line_height_mobile":0,"ocean_menu_typo_line_height_unit":"","ocean_menu_typo_spacing":0,"ocean_menu_typo_spacing_tablet":0,"ocean_menu_typo_spacing_mobile":0,"ocean_menu_typo_spacing_unit":"","ocean_menu_link_color":"","ocean_menu_link_color_hover":"","ocean_menu_link_color_active":"","ocean_menu_link_background":"","ocean_menu_link_hover_background":"","ocean_menu_link_active_background":"","ocean_menu_social_links_bg":"","ocean_menu_social_hover_links_bg":"","ocean_menu_social_links_color":"","ocean_menu_social_hover_links_color":"","ocean_disable_title":"on","ocean_disable_heading":"default","ocean_post_title":"","ocean_post_subheading":"","ocean_post_title_style":"","ocean_post_title_background_color":"","ocean_post_title_background":0,"ocean_post_title_bg_image_position":"","ocean_post_title_bg_image_attachment":"","ocean_post_title_bg_image_repeat":"","ocean_post_title_bg_image_size":"","ocean_post_title_height":0,"ocean_post_title_bg_overlay":0.5,"ocean_post_title_bg_overlay_color":"","ocean_disable_breadcrumbs":"default","ocean_breadcrumbs_color":"","ocean_breadcrumbs_separator_color":"","ocean_breadcrumbs_links_color":"","ocean_breadcrumbs_links_hover_color":"","ocean_display_footer_widgets":"default","ocean_display_footer_bottom":"default","ocean_custom_footer_template":"0","footnotes":""},"class_list":["post-473","page","type-page","status-publish","hentry","entry"],"yoast_head":"<!-- This site is optimized with the Yoast SEO plugin v27.5 - https:\/\/yoast.com\/product\/yoast-seo-wordpress\/ -->\n<title>Agricultura - Biolight<\/title>\n<meta name=\"robots\" content=\"index, follow, max-snippet:-1, max-image-preview:large, max-video-preview:-1\" \/>\n<link rel=\"canonical\" href=\"https:\/\/biolightuv.com\/es\/agricultura\/\" \/>\n<meta property=\"og:locale\" content=\"es_ES\" \/>\n<meta property=\"og:type\" content=\"article\" \/>\n<meta property=\"og:title\" content=\"Agricultura - Biolight\" \/>\n<meta property=\"og:description\" content=\"Aplicaciones Agr\u00edcolas Disminuci\u00f3n de elementos pat\u00f3genos dentro del tratamiento de aguas de riego. Biolight S.A. en conjunto con prestigiosas instituciones chilenas como la CNR (Comisi\u00f3n Nacional de Riego), CENMA (Centro Nacional del Medio Ambiente) y el INIA (Instituto de Investigaciones Agropecuarias) ha desarrollado experiencias de desinfecci\u00f3n con luz ultravioleta de aguas de canal para su [&hellip;]\" \/>\n<meta property=\"og:url\" content=\"https:\/\/biolightuv.com\/es\/agricultura\/\" \/>\n<meta property=\"og:site_name\" content=\"Biolight\" \/>\n<meta property=\"article:modified_time\" content=\"2023-06-22T14:30:42+00:00\" \/>\n<meta property=\"og:image\" content=\"https:\/\/biolightuv.com\/es\/wp-content\/uploads\/2021\/03\/agua_agricola1.jpg\" \/>\n<meta name=\"twitter:card\" content=\"summary_large_image\" \/>\n<meta name=\"twitter:label1\" content=\"Tiempo de lectura\" \/>\n\t<meta name=\"twitter:data1\" content=\"2 minutos\" \/>\n<script type=\"application\/ld+json\" class=\"yoast-schema-graph\">{\"@context\":\"https:\\\/\\\/schema.org\",\"@graph\":[{\"@type\":\"WebPage\",\"@id\":\"https:\\\/\\\/biolightuv.com\\\/es\\\/agricultura\\\/\",\"url\":\"https:\\\/\\\/biolightuv.com\\\/es\\\/agricultura\\\/\",\"name\":\"Agricultura - Biolight\",\"isPartOf\":{\"@id\":\"https:\\\/\\\/biolightuv.com\\\/es\\\/#website\"},\"primaryImageOfPage\":{\"@id\":\"https:\\\/\\\/biolightuv.com\\\/es\\\/agricultura\\\/#primaryimage\"},\"image\":{\"@id\":\"https:\\\/\\\/biolightuv.com\\\/es\\\/agricultura\\\/#primaryimage\"},\"thumbnailUrl\":\"https:\\\/\\\/biolightuv.com\\\/es\\\/wp-content\\\/uploads\\\/2021\\\/03\\\/agua_agricola1.jpg\",\"datePublished\":\"2021-03-05T13:08:47+00:00\",\"dateModified\":\"2023-06-22T14:30:42+00:00\",\"breadcrumb\":{\"@id\":\"https:\\\/\\\/biolightuv.com\\\/es\\\/agricultura\\\/#breadcrumb\"},\"inLanguage\":\"es\",\"potentialAction\":[{\"@type\":\"ReadAction\",\"target\":[\"https:\\\/\\\/biolightuv.com\\\/es\\\/agricultura\\\/\"]}]},{\"@type\":\"ImageObject\",\"inLanguage\":\"es\",\"@id\":\"https:\\\/\\\/biolightuv.com\\\/es\\\/agricultura\\\/#primaryimage\",\"url\":\"https:\\\/\\\/biolightuv.com\\\/es\\\/wp-content\\\/uploads\\\/2021\\\/03\\\/agua_agricola1.jpg\",\"contentUrl\":\"https:\\\/\\\/biolightuv.com\\\/es\\\/wp-content\\\/uploads\\\/2021\\\/03\\\/agua_agricola1.jpg\",\"width\":320,\"height\":320},{\"@type\":\"BreadcrumbList\",\"@id\":\"https:\\\/\\\/biolightuv.com\\\/es\\\/agricultura\\\/#breadcrumb\",\"itemListElement\":[{\"@type\":\"ListItem\",\"position\":1,\"name\":\"Inicio\",\"item\":\"https:\\\/\\\/biolightuv.com\\\/es\\\/\"},{\"@type\":\"ListItem\",\"position\":2,\"name\":\"Agricultura\"}]},{\"@type\":\"WebSite\",\"@id\":\"https:\\\/\\\/biolightuv.com\\\/es\\\/#website\",\"url\":\"https:\\\/\\\/biolightuv.com\\\/es\\\/\",\"name\":\"Biolight\",\"description\":\"Expertos en desinfecci\u00f3n UV\",\"publisher\":{\"@id\":\"https:\\\/\\\/biolightuv.com\\\/es\\\/#organization\"},\"potentialAction\":[{\"@type\":\"SearchAction\",\"target\":{\"@type\":\"EntryPoint\",\"urlTemplate\":\"https:\\\/\\\/biolightuv.com\\\/es\\\/?s={search_term_string}\"},\"query-input\":{\"@type\":\"PropertyValueSpecification\",\"valueRequired\":true,\"valueName\":\"search_term_string\"}}],\"inLanguage\":\"es\"},{\"@type\":\"Organization\",\"@id\":\"https:\\\/\\\/biolightuv.com\\\/es\\\/#organization\",\"name\":\"Biolight\",\"url\":\"https:\\\/\\\/biolightuv.com\\\/es\\\/\",\"logo\":{\"@type\":\"ImageObject\",\"inLanguage\":\"es\",\"@id\":\"https:\\\/\\\/biolightuv.com\\\/es\\\/#\\\/schema\\\/logo\\\/image\\\/\",\"url\":\"https:\\\/\\\/biolightuv.com\\\/es\\\/wp-content\\\/uploads\\\/2021\\\/03\\\/logo.png\",\"contentUrl\":\"https:\\\/\\\/biolightuv.com\\\/es\\\/wp-content\\\/uploads\\\/2021\\\/03\\\/logo.png\",\"width\":231,\"height\":70,\"caption\":\"Biolight\"},\"image\":{\"@id\":\"https:\\\/\\\/biolightuv.com\\\/es\\\/#\\\/schema\\\/logo\\\/image\\\/\"}}]}<\/script>\n<!-- \/ Yoast SEO plugin. -->","yoast_head_json":{"title":"Agricultura - Biolight","robots":{"index":"index","follow":"follow","max-snippet":"max-snippet:-1","max-image-preview":"max-image-preview:large","max-video-preview":"max-video-preview:-1"},"canonical":"https:\/\/biolightuv.com\/es\/agricultura\/","og_locale":"es_ES","og_type":"article","og_title":"Agricultura - Biolight","og_description":"Aplicaciones Agr\u00edcolas Disminuci\u00f3n de elementos pat\u00f3genos dentro del tratamiento de aguas de riego. Biolight S.A. en conjunto con prestigiosas instituciones chilenas como la CNR (Comisi\u00f3n Nacional de Riego), CENMA (Centro Nacional del Medio Ambiente) y el INIA (Instituto de Investigaciones Agropecuarias) ha desarrollado experiencias de desinfecci\u00f3n con luz ultravioleta de aguas de canal para su [&hellip;]","og_url":"https:\/\/biolightuv.com\/es\/agricultura\/","og_site_name":"Biolight","article_modified_time":"2023-06-22T14:30:42+00:00","og_image":[{"url":"https:\/\/biolightuv.com\/es\/wp-content\/uploads\/2021\/03\/agua_agricola1.jpg","type":"","width":"","height":""}],"twitter_card":"summary_large_image","twitter_misc":{"Tiempo de lectura":"2 minutos"},"schema":{"@context":"https:\/\/schema.org","@graph":[{"@type":"WebPage","@id":"https:\/\/biolightuv.com\/es\/agricultura\/","url":"https:\/\/biolightuv.com\/es\/agricultura\/","name":"Agricultura - Biolight","isPartOf":{"@id":"https:\/\/biolightuv.com\/es\/#website"},"primaryImageOfPage":{"@id":"https:\/\/biolightuv.com\/es\/agricultura\/#primaryimage"},"image":{"@id":"https:\/\/biolightuv.com\/es\/agricultura\/#primaryimage"},"thumbnailUrl":"https:\/\/biolightuv.com\/es\/wp-content\/uploads\/2021\/03\/agua_agricola1.jpg","datePublished":"2021-03-05T13:08:47+00:00","dateModified":"2023-06-22T14:30:42+00:00","breadcrumb":{"@id":"https:\/\/biolightuv.com\/es\/agricultura\/#breadcrumb"},"inLanguage":"es","potentialAction":[{"@type":"ReadAction","target":["https:\/\/biolightuv.com\/es\/agricultura\/"]}]},{"@type":"ImageObject","inLanguage":"es","@id":"https:\/\/biolightuv.com\/es\/agricultura\/#primaryimage","url":"https:\/\/biolightuv.com\/es\/wp-content\/uploads\/2021\/03\/agua_agricola1.jpg","contentUrl":"https:\/\/biolightuv.com\/es\/wp-content\/uploads\/2021\/03\/agua_agricola1.jpg","width":320,"height":320},{"@type":"BreadcrumbList","@id":"https:\/\/biolightuv.com\/es\/agricultura\/#breadcrumb","itemListElement":[{"@type":"ListItem","position":1,"name":"Inicio","item":"https:\/\/biolightuv.com\/es\/"},{"@type":"ListItem","position":2,"name":"Agricultura"}]},{"@type":"WebSite","@id":"https:\/\/biolightuv.com\/es\/#website","url":"https:\/\/biolightuv.com\/es\/","name":"Biolight","description":"Expertos en desinfecci\u00f3n UV","publisher":{"@id":"https:\/\/biolightuv.com\/es\/#organization"},"potentialAction":[{"@type":"SearchAction","target":{"@type":"EntryPoint","urlTemplate":"https:\/\/biolightuv.com\/es\/?s={search_term_string}"},"query-input":{"@type":"PropertyValueSpecification","valueRequired":true,"valueName":"search_term_string"}}],"inLanguage":"es"},{"@type":"Organization","@id":"https:\/\/biolightuv.com\/es\/#organization","name":"Biolight","url":"https:\/\/biolightuv.com\/es\/","logo":{"@type":"ImageObject","inLanguage":"es","@id":"https:\/\/biolightuv.com\/es\/#\/schema\/logo\/image\/","url":"https:\/\/biolightuv.com\/es\/wp-content\/uploads\/2021\/03\/logo.png","contentUrl":"https:\/\/biolightuv.com\/es\/wp-content\/uploads\/2021\/03\/logo.png","width":231,"height":70,"caption":"Biolight"},"image":{"@id":"https:\/\/biolightuv.com\/es\/#\/schema\/logo\/image\/"}}]}},"_links":{"self":[{"href":"https:\/\/biolightuv.com\/es\/wp-json\/wp\/v2\/pages\/473","targetHints":{"allow":["GET"]}}],"collection":[{"href":"https:\/\/biolightuv.com\/es\/wp-json\/wp\/v2\/pages"}],"about":[{"href":"https:\/\/biolightuv.com\/es\/wp-json\/wp\/v2\/types\/page"}],"author":[{"embeddable":true,"href":"https:\/\/biolightuv.com\/es\/wp-json\/wp\/v2\/users\/1"}],"replies":[{"embeddable":true,"href":"https:\/\/biolightuv.com\/es\/wp-json\/wp\/v2\/comments?post=473"}],"version-history":[{"count":14,"href":"https:\/\/biolightuv.com\/es\/wp-json\/wp\/v2\/pages\/473\/revisions"}],"predecessor-version":[{"id":2211,"href":"https:\/\/biolightuv.com\/es\/wp-json\/wp\/v2\/pages\/473\/revisions\/2211"}],"wp:attachment":[{"href":"https:\/\/biolightuv.com\/es\/wp-json\/wp\/v2\/media?parent=473"}],"curies":[{"name":"wp","href":"https:\/\/api.w.org\/{rel}","templated":true}]}}