{"id":454,"date":"2021-03-05T12:57:25","date_gmt":"2021-03-05T15:57:25","guid":{"rendered":"https:\/\/biolightuv.com\/es\/?page_id=454"},"modified":"2021-06-02T12:58:54","modified_gmt":"2021-06-02T15:58:54","slug":"hatcherie-piscicultura","status":"publish","type":"page","link":"https:\/\/biolightuv.com\/es\/hatcherie-piscicultura\/","title":{"rendered":"Hatchery &#038; Piscicultura"},"content":{"rendered":"\t\t<div data-elementor-type=\"wp-page\" data-elementor-id=\"454\" class=\"elementor elementor-454\" data-elementor-post-type=\"page\">\n\t\t\t\t\t\t<section class=\"elementor-section elementor-top-section elementor-element elementor-element-f990cfd elementor-section-full_width elementor-section-stretched elementor-section-height-default elementor-section-height-default\" data-id=\"f990cfd\" data-element_type=\"section\" data-settings=\"{&quot;stretch_section&quot;:&quot;section-stretched&quot;,&quot;background_background&quot;:&quot;classic&quot;}\">\n\t\t\t\t\t\t<div class=\"elementor-container elementor-column-gap-default\">\n\t\t\t\t\t<div class=\"elementor-column elementor-col-100 elementor-top-column elementor-element elementor-element-e5b0872\" data-id=\"e5b0872\" data-element_type=\"column\">\n\t\t\t<div class=\"elementor-widget-wrap elementor-element-populated\">\n\t\t\t\t\t\t<div class=\"elementor-element elementor-element-e334e9f elementor-widget elementor-widget-heading\" data-id=\"e334e9f\" data-element_type=\"widget\" data-widget_type=\"heading.default\">\n\t\t\t\t<div class=\"elementor-widget-container\">\n\t\t\t\t\t<h2 class=\"elementor-heading-title elementor-size-default\">Hatcherie &amp; Piscicultura<\/h2>\t\t\t\t<\/div>\n\t\t\t\t<\/div>\n\t\t\t\t<div class=\"elementor-element elementor-element-8a43b91 elementor-widget elementor-widget-heading\" data-id=\"8a43b91\" data-element_type=\"widget\" data-widget_type=\"heading.default\">\n\t\t\t\t<div class=\"elementor-widget-container\">\n\t\t\t\t\t<h2 class=\"elementor-heading-title elementor-size-default\">El tratamiento ha sido utilizado con \u00e9xito durante d\u00e9cadas.<\/h2>\t\t\t\t<\/div>\n\t\t\t\t<\/div>\n\t\t\t\t\t<\/div>\n\t\t<\/div>\n\t\t\t\t\t<\/div>\n\t\t<\/section>\n\t\t\t\t<section class=\"elementor-section elementor-top-section elementor-element elementor-element-e2dd32a elementor-section-boxed elementor-section-height-default elementor-section-height-default\" data-id=\"e2dd32a\" data-element_type=\"section\">\n\t\t\t\t\t\t<div class=\"elementor-container elementor-column-gap-default\">\n\t\t\t\t\t<div class=\"elementor-column elementor-col-100 elementor-top-column elementor-element elementor-element-83d5331\" data-id=\"83d5331\" data-element_type=\"column\">\n\t\t\t<div class=\"elementor-widget-wrap elementor-element-populated\">\n\t\t\t\t\t\t<div class=\"elementor-element elementor-element-82c2f9c elementor-widget elementor-widget-text-editor\" data-id=\"82c2f9c\" data-element_type=\"widget\" data-widget_type=\"text-editor.default\">\n\t\t\t\t<div class=\"elementor-widget-container\">\n\t\t\t\t\t\t\t\t\t<p>El tratamiento con luz UV ha sido utilizado con \u00e9xito durante d\u00e9cadas para desinfectar el agua de ingreso y salida de muchas aplicaciones acu\u00edcolas. Cuando se dise\u00f1an, instalan y se le da el mantenimiento adecuado, los sistemas UV son extremadamente confiables y eficaces.<\/p><p>Los sistemas UV reducen significativamente los pat\u00f3genos en las instalaciones de incubaci\u00f3n y cr\u00eda, y han demostrado ser la tecnolog\u00eda de desinfecci\u00f3n m\u00e1s rentable para la inactivaci\u00f3n de muchos tipos de bacterias, virus y par\u00e1sitos da\u00f1inos para muchas especies acu\u00edcolas.<\/p>\t\t\t\t\t\t\t\t<\/div>\n\t\t\t\t<\/div>\n\t\t\t\t\t<\/div>\n\t\t<\/div>\n\t\t\t\t\t<\/div>\n\t\t<\/section>\n\t\t\t\t<section class=\"elementor-section elementor-top-section elementor-element elementor-element-63dbaa5 elementor-section-boxed elementor-section-height-default elementor-section-height-default\" data-id=\"63dbaa5\" data-element_type=\"section\">\n\t\t\t\t\t\t<div class=\"elementor-container elementor-column-gap-default\">\n\t\t\t\t\t<div class=\"elementor-column elementor-col-33 elementor-top-column elementor-element elementor-element-c54a3a2\" data-id=\"c54a3a2\" data-element_type=\"column\">\n\t\t\t<div class=\"elementor-widget-wrap elementor-element-populated\">\n\t\t\t\t\t\t<div class=\"elementor-element elementor-element-af88064 elementor-widget elementor-widget-image\" data-id=\"af88064\" data-element_type=\"widget\" data-widget_type=\"image.default\">\n\t\t\t\t<div class=\"elementor-widget-container\">\n\t\t\t\t\t\t\t\t\t\t\t\t\t\t\t<img fetchpriority=\"high\" decoding=\"async\" width=\"320\" height=\"320\" src=\"https:\/\/biolightuv.com\/es\/wp-content\/uploads\/2021\/03\/agua_pscicultura1.jpg\" class=\"attachment-large size-large wp-image-462\" alt=\"\" srcset=\"https:\/\/biolightuv.com\/es\/wp-content\/uploads\/2021\/03\/agua_pscicultura1.jpg 320w, https:\/\/biolightuv.com\/es\/wp-content\/uploads\/2021\/03\/agua_pscicultura1-300x300.jpg 300w, https:\/\/biolightuv.com\/es\/wp-content\/uploads\/2021\/03\/agua_pscicultura1-100x100.jpg 100w, https:\/\/biolightuv.com\/es\/wp-content\/uploads\/2021\/03\/agua_pscicultura1-150x150.jpg 150w\" sizes=\"(max-width: 320px) 100vw, 320px\" \/>\t\t\t\t\t\t\t\t\t\t\t\t\t\t\t<\/div>\n\t\t\t\t<\/div>\n\t\t\t\t\t<\/div>\n\t\t<\/div>\n\t\t\t\t<div class=\"elementor-column elementor-col-33 elementor-top-column elementor-element elementor-element-834c6a4\" data-id=\"834c6a4\" data-element_type=\"column\">\n\t\t\t<div class=\"elementor-widget-wrap elementor-element-populated\">\n\t\t\t\t\t\t<div class=\"elementor-element elementor-element-f19c33e elementor-widget elementor-widget-image\" data-id=\"f19c33e\" data-element_type=\"widget\" data-widget_type=\"image.default\">\n\t\t\t\t<div class=\"elementor-widget-container\">\n\t\t\t\t\t\t\t\t\t\t\t\t\t\t\t<img decoding=\"async\" width=\"320\" height=\"320\" data-src=\"https:\/\/biolightuv.com\/es\/wp-content\/uploads\/2021\/03\/agua_pscicultura2.jpg\" class=\"attachment-large size-large wp-image-463 lazyload\" alt=\"\" data-srcset=\"https:\/\/biolightuv.com\/es\/wp-content\/uploads\/2021\/03\/agua_pscicultura2.jpg 320w, https:\/\/biolightuv.com\/es\/wp-content\/uploads\/2021\/03\/agua_pscicultura2-300x300.jpg 300w, https:\/\/biolightuv.com\/es\/wp-content\/uploads\/2021\/03\/agua_pscicultura2-100x100.jpg 100w, https:\/\/biolightuv.com\/es\/wp-content\/uploads\/2021\/03\/agua_pscicultura2-150x150.jpg 150w\" data-sizes=\"(max-width: 320px) 100vw, 320px\" src=\"data:image\/gif;base64,R0lGODlhAQABAAAAACH5BAEKAAEALAAAAAABAAEAAAICTAEAOw==\" style=\"--smush-placeholder-width: 320px; --smush-placeholder-aspect-ratio: 320\/320;\" \/>\t\t\t\t\t\t\t\t\t\t\t\t\t\t\t<\/div>\n\t\t\t\t<\/div>\n\t\t\t\t\t<\/div>\n\t\t<\/div>\n\t\t\t\t<div class=\"elementor-column elementor-col-33 elementor-top-column elementor-element elementor-element-af7e3fd\" data-id=\"af7e3fd\" data-element_type=\"column\">\n\t\t\t<div class=\"elementor-widget-wrap elementor-element-populated\">\n\t\t\t\t\t\t<div class=\"elementor-element elementor-element-8c8bf3f elementor-widget elementor-widget-image\" data-id=\"8c8bf3f\" data-element_type=\"widget\" data-widget_type=\"image.default\">\n\t\t\t\t<div class=\"elementor-widget-container\">\n\t\t\t\t\t\t\t\t\t\t\t\t\t\t\t<img decoding=\"async\" width=\"320\" height=\"320\" data-src=\"https:\/\/biolightuv.com\/es\/wp-content\/uploads\/2021\/03\/agua_pscicultura3.jpg\" class=\"attachment-large size-large wp-image-464 lazyload\" alt=\"\" data-srcset=\"https:\/\/biolightuv.com\/es\/wp-content\/uploads\/2021\/03\/agua_pscicultura3.jpg 320w, https:\/\/biolightuv.com\/es\/wp-content\/uploads\/2021\/03\/agua_pscicultura3-300x300.jpg 300w, https:\/\/biolightuv.com\/es\/wp-content\/uploads\/2021\/03\/agua_pscicultura3-100x100.jpg 100w, https:\/\/biolightuv.com\/es\/wp-content\/uploads\/2021\/03\/agua_pscicultura3-150x150.jpg 150w\" data-sizes=\"(max-width: 320px) 100vw, 320px\" src=\"data:image\/gif;base64,R0lGODlhAQABAAAAACH5BAEKAAEALAAAAAABAAEAAAICTAEAOw==\" style=\"--smush-placeholder-width: 320px; --smush-placeholder-aspect-ratio: 320\/320;\" \/>\t\t\t\t\t\t\t\t\t\t\t\t\t\t\t<\/div>\n\t\t\t\t<\/div>\n\t\t\t\t\t<\/div>\n\t\t<\/div>\n\t\t\t\t\t<\/div>\n\t\t<\/section>\n\t\t\t\t<section class=\"elementor-section elementor-top-section elementor-element elementor-element-cf9ff87 elementor-section-boxed elementor-section-height-default elementor-section-height-default\" data-id=\"cf9ff87\" data-element_type=\"section\">\n\t\t\t\t\t\t<div class=\"elementor-container elementor-column-gap-default\">\n\t\t\t\t\t<div class=\"elementor-column elementor-col-100 elementor-top-column elementor-element elementor-element-d797e6f\" data-id=\"d797e6f\" data-element_type=\"column\">\n\t\t\t<div class=\"elementor-widget-wrap elementor-element-populated\">\n\t\t\t\t\t\t<div class=\"elementor-element elementor-element-7b098cc elementor-widget elementor-widget-text-editor\" data-id=\"7b098cc\" data-element_type=\"widget\" data-widget_type=\"text-editor.default\">\n\t\t\t\t<div class=\"elementor-widget-container\">\n\t\t\t\t\t\t\t\t\t<p><strong>Biolight S.A, cuenta con mas de 25 a\u00f1os de experiencia en el dise\u00f1o y fabricaci\u00f3n de sistemas UV en aplicaciones de campo de la acuicultura.<\/strong><\/p><p>Los sistemas UV son herramientas de bajo mantenimiento, efectivas, econ\u00f3micas y ambientalmente responsables que se utilizan para la desinfecci\u00f3n del agua de las instalaciones acu\u00edcolas.<\/p>\t\t\t\t\t\t\t\t<\/div>\n\t\t\t\t<\/div>\n\t\t\t\t\t<\/div>\n\t\t<\/div>\n\t\t\t\t\t<\/div>\n\t\t<\/section>\n\t\t\t\t<section class=\"elementor-section elementor-top-section elementor-element elementor-element-c581f79 elementor-section-boxed elementor-section-height-default elementor-section-height-default\" data-id=\"c581f79\" data-element_type=\"section\">\n\t\t\t\t\t\t<div class=\"elementor-container elementor-column-gap-default\">\n\t\t\t\t\t<div class=\"elementor-column elementor-col-50 elementor-top-column elementor-element elementor-element-9ed1b2f\" data-id=\"9ed1b2f\" data-element_type=\"column\">\n\t\t\t<div class=\"elementor-widget-wrap elementor-element-populated\">\n\t\t\t\t\t\t<div class=\"elementor-element elementor-element-9487745 elementor-widget elementor-widget-image\" data-id=\"9487745\" data-element_type=\"widget\" data-widget_type=\"image.default\">\n\t\t\t\t<div class=\"elementor-widget-container\">\n\t\t\t\t\t\t\t\t\t\t\t\t\t\t\t<img decoding=\"async\" width=\"300\" height=\"300\" data-src=\"https:\/\/biolightuv.com\/es\/wp-content\/uploads\/2021\/03\/canal3-300x300.jpg\" class=\"attachment-medium size-medium wp-image-468 lazyload\" alt=\"\" data-srcset=\"https:\/\/biolightuv.com\/es\/wp-content\/uploads\/2021\/03\/canal3-300x300.jpg 300w, https:\/\/biolightuv.com\/es\/wp-content\/uploads\/2021\/03\/canal3-100x100.jpg 100w, https:\/\/biolightuv.com\/es\/wp-content\/uploads\/2021\/03\/canal3-150x150.jpg 150w, https:\/\/biolightuv.com\/es\/wp-content\/uploads\/2021\/03\/canal3.jpg 400w\" data-sizes=\"(max-width: 300px) 100vw, 300px\" src=\"data:image\/gif;base64,R0lGODlhAQABAAAAACH5BAEKAAEALAAAAAABAAEAAAICTAEAOw==\" style=\"--smush-placeholder-width: 300px; --smush-placeholder-aspect-ratio: 300\/300;\" \/>\t\t\t\t\t\t\t\t\t\t\t\t\t\t\t<\/div>\n\t\t\t\t<\/div>\n\t\t\t\t\t<\/div>\n\t\t<\/div>\n\t\t\t\t<div class=\"elementor-column elementor-col-50 elementor-top-column elementor-element elementor-element-241072f\" data-id=\"241072f\" data-element_type=\"column\">\n\t\t\t<div class=\"elementor-widget-wrap elementor-element-populated\">\n\t\t\t\t\t\t<div class=\"elementor-element elementor-element-f1e863e elementor-widget elementor-widget-image\" data-id=\"f1e863e\" data-element_type=\"widget\" data-widget_type=\"image.default\">\n\t\t\t\t<div class=\"elementor-widget-container\">\n\t\t\t\t\t\t\t\t\t\t\t\t\t\t\t<img decoding=\"async\" width=\"300\" height=\"300\" data-src=\"https:\/\/biolightuv.com\/es\/wp-content\/uploads\/2021\/03\/agua_pscicultura4-300x300.jpg\" class=\"attachment-medium size-medium wp-image-469 lazyload\" alt=\"\" data-srcset=\"https:\/\/biolightuv.com\/es\/wp-content\/uploads\/2021\/03\/agua_pscicultura4-300x300.jpg 300w, https:\/\/biolightuv.com\/es\/wp-content\/uploads\/2021\/03\/agua_pscicultura4-100x100.jpg 100w, https:\/\/biolightuv.com\/es\/wp-content\/uploads\/2021\/03\/agua_pscicultura4-150x150.jpg 150w, https:\/\/biolightuv.com\/es\/wp-content\/uploads\/2021\/03\/agua_pscicultura4.jpg 320w\" data-sizes=\"(max-width: 300px) 100vw, 300px\" src=\"data:image\/gif;base64,R0lGODlhAQABAAAAACH5BAEKAAEALAAAAAABAAEAAAICTAEAOw==\" style=\"--smush-placeholder-width: 300px; --smush-placeholder-aspect-ratio: 300\/300;\" \/>\t\t\t\t\t\t\t\t\t\t\t\t\t\t\t<\/div>\n\t\t\t\t<\/div>\n\t\t\t\t\t<\/div>\n\t\t<\/div>\n\t\t\t\t\t<\/div>\n\t\t<\/section>\n\t\t\t\t<\/div>\n\t\t","protected":false},"excerpt":{"rendered":"<p>Hatcherie &#038; Piscicultura El tratamiento ha sido utilizado con \u00e9xito durante d\u00e9cadas. El tratamiento con luz UV ha sido utilizado con \u00e9xito durante d\u00e9cadas para desinfectar el agua de ingreso y salida de muchas aplicaciones acu\u00edcolas. Cuando se dise\u00f1an, instalan y se le da el mantenimiento adecuado, los sistemas UV son extremadamente confiables y eficaces. [&hellip;]<\/p>\n","protected":false},"author":1,"featured_media":0,"parent":0,"menu_order":0,"comment_status":"closed","ping_status":"closed","template":"","meta":{"ocean_post_layout":"","ocean_both_sidebars_style":"","ocean_both_sidebars_content_width":0,"ocean_both_sidebars_sidebars_width":0,"ocean_sidebar":"0","ocean_second_sidebar":"0","ocean_disable_margins":"enable","ocean_add_body_class":"","ocean_shortcode_before_top_bar":"","ocean_shortcode_after_top_bar":"","ocean_shortcode_before_header":"","ocean_shortcode_after_header":"","ocean_has_shortcode":"","ocean_shortcode_after_title":"","ocean_shortcode_before_footer_widgets":"","ocean_shortcode_after_footer_widgets":"","ocean_shortcode_before_footer_bottom":"","ocean_shortcode_after_footer_bottom":"","ocean_display_top_bar":"default","ocean_display_header":"default","ocean_header_style":"","ocean_center_header_left_menu":"0","ocean_custom_header_template":"0","ocean_custom_logo":0,"ocean_custom_retina_logo":0,"ocean_custom_logo_max_width":0,"ocean_custom_logo_tablet_max_width":0,"ocean_custom_logo_mobile_max_width":0,"ocean_custom_logo_max_height":0,"ocean_custom_logo_tablet_max_height":0,"ocean_custom_logo_mobile_max_height":0,"ocean_header_custom_menu":"0","ocean_menu_typo_font_family":"0","ocean_menu_typo_font_subset":"","ocean_menu_typo_font_size":0,"ocean_menu_typo_font_size_tablet":0,"ocean_menu_typo_font_size_mobile":0,"ocean_menu_typo_font_size_unit":"px","ocean_menu_typo_font_weight":"","ocean_menu_typo_font_weight_tablet":"","ocean_menu_typo_font_weight_mobile":"","ocean_menu_typo_transform":"","ocean_menu_typo_transform_tablet":"","ocean_menu_typo_transform_mobile":"","ocean_menu_typo_line_height":0,"ocean_menu_typo_line_height_tablet":0,"ocean_menu_typo_line_height_mobile":0,"ocean_menu_typo_line_height_unit":"","ocean_menu_typo_spacing":0,"ocean_menu_typo_spacing_tablet":0,"ocean_menu_typo_spacing_mobile":0,"ocean_menu_typo_spacing_unit":"","ocean_menu_link_color":"","ocean_menu_link_color_hover":"","ocean_menu_link_color_active":"","ocean_menu_link_background":"","ocean_menu_link_hover_background":"","ocean_menu_link_active_background":"","ocean_menu_social_links_bg":"","ocean_menu_social_hover_links_bg":"","ocean_menu_social_links_color":"","ocean_menu_social_hover_links_color":"","ocean_disable_title":"on","ocean_disable_heading":"default","ocean_post_title":"","ocean_post_subheading":"","ocean_post_title_style":"","ocean_post_title_background_color":"","ocean_post_title_background":0,"ocean_post_title_bg_image_position":"","ocean_post_title_bg_image_attachment":"","ocean_post_title_bg_image_repeat":"","ocean_post_title_bg_image_size":"","ocean_post_title_height":0,"ocean_post_title_bg_overlay":0.5,"ocean_post_title_bg_overlay_color":"","ocean_disable_breadcrumbs":"default","ocean_breadcrumbs_color":"","ocean_breadcrumbs_separator_color":"","ocean_breadcrumbs_links_color":"","ocean_breadcrumbs_links_hover_color":"","ocean_display_footer_widgets":"default","ocean_display_footer_bottom":"default","ocean_custom_footer_template":"0","footnotes":""},"class_list":["post-454","page","type-page","status-publish","hentry","entry"],"yoast_head":"<!-- This site is optimized with the Yoast SEO plugin v27.5 - https:\/\/yoast.com\/product\/yoast-seo-wordpress\/ -->\n<title>Hatchery &amp; Piscicultura - Biolight<\/title>\n<meta name=\"robots\" content=\"index, follow, max-snippet:-1, max-image-preview:large, max-video-preview:-1\" \/>\n<link rel=\"canonical\" href=\"https:\/\/biolightuv.com\/es\/hatcherie-piscicultura\/\" \/>\n<meta property=\"og:locale\" content=\"es_ES\" \/>\n<meta property=\"og:type\" content=\"article\" \/>\n<meta property=\"og:title\" content=\"Hatchery &amp; Piscicultura - Biolight\" \/>\n<meta property=\"og:description\" content=\"Hatcherie &#038; Piscicultura El tratamiento ha sido utilizado con \u00e9xito durante d\u00e9cadas. El tratamiento con luz UV ha sido utilizado con \u00e9xito durante d\u00e9cadas para desinfectar el agua de ingreso y salida de muchas aplicaciones acu\u00edcolas. Cuando se dise\u00f1an, instalan y se le da el mantenimiento adecuado, los sistemas UV son extremadamente confiables y eficaces. [&hellip;]\" \/>\n<meta property=\"og:url\" content=\"https:\/\/biolightuv.com\/es\/hatcherie-piscicultura\/\" \/>\n<meta property=\"og:site_name\" content=\"Biolight\" \/>\n<meta property=\"article:modified_time\" content=\"2021-06-02T15:58:54+00:00\" \/>\n<meta property=\"og:image\" content=\"https:\/\/biolightuv.com\/es\/wp-content\/uploads\/2021\/03\/agua_pscicultura1.jpg\" \/>\n<meta name=\"twitter:card\" content=\"summary_large_image\" \/>\n<meta name=\"twitter:label1\" content=\"Tiempo de lectura\" \/>\n\t<meta name=\"twitter:data1\" content=\"1 minuto\" \/>\n<script type=\"application\/ld+json\" class=\"yoast-schema-graph\">{\"@context\":\"https:\\\/\\\/schema.org\",\"@graph\":[{\"@type\":\"WebPage\",\"@id\":\"https:\\\/\\\/biolightuv.com\\\/es\\\/hatcherie-piscicultura\\\/\",\"url\":\"https:\\\/\\\/biolightuv.com\\\/es\\\/hatcherie-piscicultura\\\/\",\"name\":\"Hatchery & Piscicultura - Biolight\",\"isPartOf\":{\"@id\":\"https:\\\/\\\/biolightuv.com\\\/es\\\/#website\"},\"primaryImageOfPage\":{\"@id\":\"https:\\\/\\\/biolightuv.com\\\/es\\\/hatcherie-piscicultura\\\/#primaryimage\"},\"image\":{\"@id\":\"https:\\\/\\\/biolightuv.com\\\/es\\\/hatcherie-piscicultura\\\/#primaryimage\"},\"thumbnailUrl\":\"https:\\\/\\\/biolightuv.com\\\/es\\\/wp-content\\\/uploads\\\/2021\\\/03\\\/agua_pscicultura1.jpg\",\"datePublished\":\"2021-03-05T15:57:25+00:00\",\"dateModified\":\"2021-06-02T15:58:54+00:00\",\"breadcrumb\":{\"@id\":\"https:\\\/\\\/biolightuv.com\\\/es\\\/hatcherie-piscicultura\\\/#breadcrumb\"},\"inLanguage\":\"es\",\"potentialAction\":[{\"@type\":\"ReadAction\",\"target\":[\"https:\\\/\\\/biolightuv.com\\\/es\\\/hatcherie-piscicultura\\\/\"]}]},{\"@type\":\"ImageObject\",\"inLanguage\":\"es\",\"@id\":\"https:\\\/\\\/biolightuv.com\\\/es\\\/hatcherie-piscicultura\\\/#primaryimage\",\"url\":\"https:\\\/\\\/biolightuv.com\\\/es\\\/wp-content\\\/uploads\\\/2021\\\/03\\\/agua_pscicultura1.jpg\",\"contentUrl\":\"https:\\\/\\\/biolightuv.com\\\/es\\\/wp-content\\\/uploads\\\/2021\\\/03\\\/agua_pscicultura1.jpg\",\"width\":320,\"height\":320},{\"@type\":\"BreadcrumbList\",\"@id\":\"https:\\\/\\\/biolightuv.com\\\/es\\\/hatcherie-piscicultura\\\/#breadcrumb\",\"itemListElement\":[{\"@type\":\"ListItem\",\"position\":1,\"name\":\"Inicio\",\"item\":\"https:\\\/\\\/biolightuv.com\\\/es\\\/\"},{\"@type\":\"ListItem\",\"position\":2,\"name\":\"Hatchery &#038; Piscicultura\"}]},{\"@type\":\"WebSite\",\"@id\":\"https:\\\/\\\/biolightuv.com\\\/es\\\/#website\",\"url\":\"https:\\\/\\\/biolightuv.com\\\/es\\\/\",\"name\":\"Biolight\",\"description\":\"Expertos en desinfecci\u00f3n UV\",\"publisher\":{\"@id\":\"https:\\\/\\\/biolightuv.com\\\/es\\\/#organization\"},\"potentialAction\":[{\"@type\":\"SearchAction\",\"target\":{\"@type\":\"EntryPoint\",\"urlTemplate\":\"https:\\\/\\\/biolightuv.com\\\/es\\\/?s={search_term_string}\"},\"query-input\":{\"@type\":\"PropertyValueSpecification\",\"valueRequired\":true,\"valueName\":\"search_term_string\"}}],\"inLanguage\":\"es\"},{\"@type\":\"Organization\",\"@id\":\"https:\\\/\\\/biolightuv.com\\\/es\\\/#organization\",\"name\":\"Biolight\",\"url\":\"https:\\\/\\\/biolightuv.com\\\/es\\\/\",\"logo\":{\"@type\":\"ImageObject\",\"inLanguage\":\"es\",\"@id\":\"https:\\\/\\\/biolightuv.com\\\/es\\\/#\\\/schema\\\/logo\\\/image\\\/\",\"url\":\"https:\\\/\\\/biolightuv.com\\\/es\\\/wp-content\\\/uploads\\\/2021\\\/03\\\/logo.png\",\"contentUrl\":\"https:\\\/\\\/biolightuv.com\\\/es\\\/wp-content\\\/uploads\\\/2021\\\/03\\\/logo.png\",\"width\":231,\"height\":70,\"caption\":\"Biolight\"},\"image\":{\"@id\":\"https:\\\/\\\/biolightuv.com\\\/es\\\/#\\\/schema\\\/logo\\\/image\\\/\"}}]}<\/script>\n<!-- \/ Yoast SEO plugin. -->","yoast_head_json":{"title":"Hatchery & Piscicultura - Biolight","robots":{"index":"index","follow":"follow","max-snippet":"max-snippet:-1","max-image-preview":"max-image-preview:large","max-video-preview":"max-video-preview:-1"},"canonical":"https:\/\/biolightuv.com\/es\/hatcherie-piscicultura\/","og_locale":"es_ES","og_type":"article","og_title":"Hatchery & Piscicultura - Biolight","og_description":"Hatcherie &#038; Piscicultura El tratamiento ha sido utilizado con \u00e9xito durante d\u00e9cadas. El tratamiento con luz UV ha sido utilizado con \u00e9xito durante d\u00e9cadas para desinfectar el agua de ingreso y salida de muchas aplicaciones acu\u00edcolas. Cuando se dise\u00f1an, instalan y se le da el mantenimiento adecuado, los sistemas UV son extremadamente confiables y eficaces. [&hellip;]","og_url":"https:\/\/biolightuv.com\/es\/hatcherie-piscicultura\/","og_site_name":"Biolight","article_modified_time":"2021-06-02T15:58:54+00:00","og_image":[{"url":"https:\/\/biolightuv.com\/es\/wp-content\/uploads\/2021\/03\/agua_pscicultura1.jpg","type":"","width":"","height":""}],"twitter_card":"summary_large_image","twitter_misc":{"Tiempo de lectura":"1 minuto"},"schema":{"@context":"https:\/\/schema.org","@graph":[{"@type":"WebPage","@id":"https:\/\/biolightuv.com\/es\/hatcherie-piscicultura\/","url":"https:\/\/biolightuv.com\/es\/hatcherie-piscicultura\/","name":"Hatchery & Piscicultura - Biolight","isPartOf":{"@id":"https:\/\/biolightuv.com\/es\/#website"},"primaryImageOfPage":{"@id":"https:\/\/biolightuv.com\/es\/hatcherie-piscicultura\/#primaryimage"},"image":{"@id":"https:\/\/biolightuv.com\/es\/hatcherie-piscicultura\/#primaryimage"},"thumbnailUrl":"https:\/\/biolightuv.com\/es\/wp-content\/uploads\/2021\/03\/agua_pscicultura1.jpg","datePublished":"2021-03-05T15:57:25+00:00","dateModified":"2021-06-02T15:58:54+00:00","breadcrumb":{"@id":"https:\/\/biolightuv.com\/es\/hatcherie-piscicultura\/#breadcrumb"},"inLanguage":"es","potentialAction":[{"@type":"ReadAction","target":["https:\/\/biolightuv.com\/es\/hatcherie-piscicultura\/"]}]},{"@type":"ImageObject","inLanguage":"es","@id":"https:\/\/biolightuv.com\/es\/hatcherie-piscicultura\/#primaryimage","url":"https:\/\/biolightuv.com\/es\/wp-content\/uploads\/2021\/03\/agua_pscicultura1.jpg","contentUrl":"https:\/\/biolightuv.com\/es\/wp-content\/uploads\/2021\/03\/agua_pscicultura1.jpg","width":320,"height":320},{"@type":"BreadcrumbList","@id":"https:\/\/biolightuv.com\/es\/hatcherie-piscicultura\/#breadcrumb","itemListElement":[{"@type":"ListItem","position":1,"name":"Inicio","item":"https:\/\/biolightuv.com\/es\/"},{"@type":"ListItem","position":2,"name":"Hatchery &#038; Piscicultura"}]},{"@type":"WebSite","@id":"https:\/\/biolightuv.com\/es\/#website","url":"https:\/\/biolightuv.com\/es\/","name":"Biolight","description":"Expertos en desinfecci\u00f3n UV","publisher":{"@id":"https:\/\/biolightuv.com\/es\/#organization"},"potentialAction":[{"@type":"SearchAction","target":{"@type":"EntryPoint","urlTemplate":"https:\/\/biolightuv.com\/es\/?s={search_term_string}"},"query-input":{"@type":"PropertyValueSpecification","valueRequired":true,"valueName":"search_term_string"}}],"inLanguage":"es"},{"@type":"Organization","@id":"https:\/\/biolightuv.com\/es\/#organization","name":"Biolight","url":"https:\/\/biolightuv.com\/es\/","logo":{"@type":"ImageObject","inLanguage":"es","@id":"https:\/\/biolightuv.com\/es\/#\/schema\/logo\/image\/","url":"https:\/\/biolightuv.com\/es\/wp-content\/uploads\/2021\/03\/logo.png","contentUrl":"https:\/\/biolightuv.com\/es\/wp-content\/uploads\/2021\/03\/logo.png","width":231,"height":70,"caption":"Biolight"},"image":{"@id":"https:\/\/biolightuv.com\/es\/#\/schema\/logo\/image\/"}}]}},"_links":{"self":[{"href":"https:\/\/biolightuv.com\/es\/wp-json\/wp\/v2\/pages\/454","targetHints":{"allow":["GET"]}}],"collection":[{"href":"https:\/\/biolightuv.com\/es\/wp-json\/wp\/v2\/pages"}],"about":[{"href":"https:\/\/biolightuv.com\/es\/wp-json\/wp\/v2\/types\/page"}],"author":[{"embeddable":true,"href":"https:\/\/biolightuv.com\/es\/wp-json\/wp\/v2\/users\/1"}],"replies":[{"embeddable":true,"href":"https:\/\/biolightuv.com\/es\/wp-json\/wp\/v2\/comments?post=454"}],"version-history":[{"count":14,"href":"https:\/\/biolightuv.com\/es\/wp-json\/wp\/v2\/pages\/454\/revisions"}],"predecessor-version":[{"id":1742,"href":"https:\/\/biolightuv.com\/es\/wp-json\/wp\/v2\/pages\/454\/revisions\/1742"}],"wp:attachment":[{"href":"https:\/\/biolightuv.com\/es\/wp-json\/wp\/v2\/media?parent=454"}],"curies":[{"name":"wp","href":"https:\/\/api.w.org\/{rel}","templated":true}]}}