{"id":26,"date":"2021-03-02T14:30:49","date_gmt":"2021-03-02T14:30:49","guid":{"rendered":"https:\/\/biolightuv.com\/es\/?page_id=26"},"modified":"2021-03-05T12:56:00","modified_gmt":"2021-03-05T12:56:00","slug":"tratamiento-de-agua-residual","status":"publish","type":"page","link":"https:\/\/biolightuv.com\/es\/tratamiento-de-agua-residual\/","title":{"rendered":"Tratamiento de Agua Residual"},"content":{"rendered":"\t\t<div data-elementor-type=\"wp-page\" data-elementor-id=\"26\" class=\"elementor elementor-26\" data-elementor-post-type=\"page\">\n\t\t\t\t\t\t<section class=\"elementor-section elementor-top-section elementor-element elementor-element-b7b6023 elementor-section-full_width elementor-section-stretched elementor-section-height-default elementor-section-height-default\" data-id=\"b7b6023\" data-element_type=\"section\" data-settings=\"{&quot;stretch_section&quot;:&quot;section-stretched&quot;,&quot;background_background&quot;:&quot;classic&quot;}\">\n\t\t\t\t\t\t<div class=\"elementor-container elementor-column-gap-default\">\n\t\t\t\t\t<div class=\"elementor-column elementor-col-100 elementor-top-column elementor-element elementor-element-1df2d0a\" data-id=\"1df2d0a\" data-element_type=\"column\">\n\t\t\t<div class=\"elementor-widget-wrap elementor-element-populated\">\n\t\t\t\t\t\t<div class=\"elementor-element elementor-element-65e6fb9 elementor-widget elementor-widget-heading\" data-id=\"65e6fb9\" data-element_type=\"widget\" data-widget_type=\"heading.default\">\n\t\t\t\t<div class=\"elementor-widget-container\">\n\t\t\t\t\t<h2 class=\"elementor-heading-title elementor-size-default\">Tratamiento de Agua Residual<\/h2>\t\t\t\t<\/div>\n\t\t\t\t<\/div>\n\t\t\t\t<div class=\"elementor-element elementor-element-a6fae5b elementor-widget elementor-widget-heading\" data-id=\"a6fae5b\" data-element_type=\"widget\" data-widget_type=\"heading.default\">\n\t\t\t\t<div class=\"elementor-widget-container\">\n\t\t\t\t\t<h2 class=\"elementor-heading-title elementor-size-default\">Con el prop\u00f3sito de cumplir las leyes y normas para la protecci\u00f3n del medio ambiente.\n<\/h2>\t\t\t\t<\/div>\n\t\t\t\t<\/div>\n\t\t\t\t\t<\/div>\n\t\t<\/div>\n\t\t\t\t\t<\/div>\n\t\t<\/section>\n\t\t\t\t<section class=\"elementor-section elementor-top-section elementor-element elementor-element-541689d elementor-section-boxed elementor-section-height-default elementor-section-height-default\" data-id=\"541689d\" data-element_type=\"section\">\n\t\t\t\t\t\t<div class=\"elementor-container elementor-column-gap-default\">\n\t\t\t\t\t<div class=\"elementor-column elementor-col-100 elementor-top-column elementor-element elementor-element-461dd5f\" data-id=\"461dd5f\" data-element_type=\"column\">\n\t\t\t<div class=\"elementor-widget-wrap elementor-element-populated\">\n\t\t\t\t\t\t<div class=\"elementor-element elementor-element-5307648 elementor-widget elementor-widget-text-editor\" data-id=\"5307648\" data-element_type=\"widget\" data-widget_type=\"text-editor.default\">\n\t\t\t\t<div class=\"elementor-widget-container\">\n\t\t\t\t\t\t\t\t\t<p>Con el prop\u00f3sito de cumplir las leyes y normas para la protecci\u00f3n del medio ambiente, muchas instalaciones de aguas residuales han adoptado la luz (UV) como la opci\u00f3n mas adecuada de tratamiento en comparaci\u00f3n con la desinfecci\u00f3n qu\u00edmica.<\/p><p>El tratamiento de las aguas residuales es una tema prioritario a nivel mundial, ya que es importante disponer de este recurso para su reutilizaci\u00f3n como riego, recuperaci\u00f3n de acu\u00edferos o sencillamente para reusarlo en los mismos procesos productivos, reduciendo el consumo de agua y bajando la huella h\u00eddrica de las empresas.<\/p>\t\t\t\t\t\t\t\t<\/div>\n\t\t\t\t<\/div>\n\t\t\t\t\t<\/div>\n\t\t<\/div>\n\t\t\t\t\t<\/div>\n\t\t<\/section>\n\t\t\t\t<section class=\"elementor-section elementor-top-section elementor-element elementor-element-15125bb elementor-section-boxed elementor-section-height-default elementor-section-height-default\" data-id=\"15125bb\" data-element_type=\"section\">\n\t\t\t\t\t\t<div class=\"elementor-container elementor-column-gap-default\">\n\t\t\t\t\t<div class=\"elementor-column elementor-col-33 elementor-top-column elementor-element elementor-element-7edb009\" data-id=\"7edb009\" data-element_type=\"column\">\n\t\t\t<div class=\"elementor-widget-wrap elementor-element-populated\">\n\t\t\t\t\t\t<div class=\"elementor-element elementor-element-5696573 elementor-widget elementor-widget-image\" data-id=\"5696573\" data-element_type=\"widget\" data-widget_type=\"image.default\">\n\t\t\t\t<div class=\"elementor-widget-container\">\n\t\t\t\t\t\t\t\t\t\t\t\t\t\t\t<img fetchpriority=\"high\" decoding=\"async\" width=\"320\" height=\"320\" src=\"https:\/\/biolightuv.com\/es\/wp-content\/uploads\/2021\/03\/tratameinto_riles.jpg\" class=\"attachment-large size-large wp-image-439\" alt=\"\" srcset=\"https:\/\/biolightuv.com\/es\/wp-content\/uploads\/2021\/03\/tratameinto_riles.jpg 320w, https:\/\/biolightuv.com\/es\/wp-content\/uploads\/2021\/03\/tratameinto_riles-300x300.jpg 300w, https:\/\/biolightuv.com\/es\/wp-content\/uploads\/2021\/03\/tratameinto_riles-100x100.jpg 100w, https:\/\/biolightuv.com\/es\/wp-content\/uploads\/2021\/03\/tratameinto_riles-150x150.jpg 150w\" sizes=\"(max-width: 320px) 100vw, 320px\" \/>\t\t\t\t\t\t\t\t\t\t\t\t\t\t\t<\/div>\n\t\t\t\t<\/div>\n\t\t\t\t\t<\/div>\n\t\t<\/div>\n\t\t\t\t<div class=\"elementor-column elementor-col-33 elementor-top-column elementor-element elementor-element-d1a64b7\" data-id=\"d1a64b7\" data-element_type=\"column\">\n\t\t\t<div class=\"elementor-widget-wrap elementor-element-populated\">\n\t\t\t\t\t\t<div class=\"elementor-element elementor-element-692e965 elementor-widget elementor-widget-image\" data-id=\"692e965\" data-element_type=\"widget\" data-widget_type=\"image.default\">\n\t\t\t\t<div class=\"elementor-widget-container\">\n\t\t\t\t\t\t\t\t\t\t\t\t\t\t\t<img decoding=\"async\" width=\"320\" height=\"320\" data-src=\"https:\/\/biolightuv.com\/es\/wp-content\/uploads\/2021\/03\/agua_residual2.jpg\" class=\"attachment-large size-large wp-image-441 lazyload\" alt=\"\" data-srcset=\"https:\/\/biolightuv.com\/es\/wp-content\/uploads\/2021\/03\/agua_residual2.jpg 320w, https:\/\/biolightuv.com\/es\/wp-content\/uploads\/2021\/03\/agua_residual2-300x300.jpg 300w, https:\/\/biolightuv.com\/es\/wp-content\/uploads\/2021\/03\/agua_residual2-100x100.jpg 100w, https:\/\/biolightuv.com\/es\/wp-content\/uploads\/2021\/03\/agua_residual2-150x150.jpg 150w\" data-sizes=\"(max-width: 320px) 100vw, 320px\" src=\"data:image\/gif;base64,R0lGODlhAQABAAAAACH5BAEKAAEALAAAAAABAAEAAAICTAEAOw==\" style=\"--smush-placeholder-width: 320px; --smush-placeholder-aspect-ratio: 320\/320;\" \/>\t\t\t\t\t\t\t\t\t\t\t\t\t\t\t<\/div>\n\t\t\t\t<\/div>\n\t\t\t\t\t<\/div>\n\t\t<\/div>\n\t\t\t\t<div class=\"elementor-column elementor-col-33 elementor-top-column elementor-element elementor-element-6e5e798\" data-id=\"6e5e798\" data-element_type=\"column\">\n\t\t\t<div class=\"elementor-widget-wrap elementor-element-populated\">\n\t\t\t\t\t\t<div class=\"elementor-element elementor-element-632363c elementor-widget elementor-widget-image\" data-id=\"632363c\" data-element_type=\"widget\" data-widget_type=\"image.default\">\n\t\t\t\t<div class=\"elementor-widget-container\">\n\t\t\t\t\t\t\t\t\t\t\t\t\t\t\t<img decoding=\"async\" width=\"320\" height=\"320\" data-src=\"https:\/\/biolightuv.com\/es\/wp-content\/uploads\/2021\/03\/agua_residual3.jpg\" class=\"attachment-large size-large wp-image-442 lazyload\" alt=\"\" data-srcset=\"https:\/\/biolightuv.com\/es\/wp-content\/uploads\/2021\/03\/agua_residual3.jpg 320w, https:\/\/biolightuv.com\/es\/wp-content\/uploads\/2021\/03\/agua_residual3-300x300.jpg 300w, https:\/\/biolightuv.com\/es\/wp-content\/uploads\/2021\/03\/agua_residual3-100x100.jpg 100w, https:\/\/biolightuv.com\/es\/wp-content\/uploads\/2021\/03\/agua_residual3-150x150.jpg 150w\" data-sizes=\"(max-width: 320px) 100vw, 320px\" src=\"data:image\/gif;base64,R0lGODlhAQABAAAAACH5BAEKAAEALAAAAAABAAEAAAICTAEAOw==\" style=\"--smush-placeholder-width: 320px; --smush-placeholder-aspect-ratio: 320\/320;\" \/>\t\t\t\t\t\t\t\t\t\t\t\t\t\t\t<\/div>\n\t\t\t\t<\/div>\n\t\t\t\t\t<\/div>\n\t\t<\/div>\n\t\t\t\t\t<\/div>\n\t\t<\/section>\n\t\t\t\t<section class=\"elementor-section elementor-top-section elementor-element elementor-element-1e47fd3 elementor-section-boxed elementor-section-height-default elementor-section-height-default\" data-id=\"1e47fd3\" data-element_type=\"section\">\n\t\t\t\t\t\t<div class=\"elementor-container elementor-column-gap-default\">\n\t\t\t\t\t<div class=\"elementor-column elementor-col-100 elementor-top-column elementor-element elementor-element-d6eca5a\" data-id=\"d6eca5a\" data-element_type=\"column\">\n\t\t\t<div class=\"elementor-widget-wrap elementor-element-populated\">\n\t\t\t\t\t\t<div class=\"elementor-element elementor-element-1a1f73a elementor-widget elementor-widget-text-editor\" data-id=\"1a1f73a\" data-element_type=\"widget\" data-widget_type=\"text-editor.default\">\n\t\t\t\t<div class=\"elementor-widget-container\">\n\t\t\t\t\t\t\t\t\t<p>La desinfecci\u00f3n UV es un proceso f\u00edsico que neutraliza los microorganismos instant\u00e1neamente cuando estos pasan a trav\u00e9s de las l\u00e1mparas UV. El proceso no a\u00f1ade nada al agua, y por tanto no tiene impacto sobre su composici\u00f3n qu\u00edmica, y a su vez se asegura el cumplimiento con la cada vez mas estricta normativa de descarga. Los sistemas de desinfecci\u00f3n UV de BioLight se han instalado en muchas plantas de agua residual a lo largo de su trayectoria.<\/p><p>Los efluentes tratados se utilizan en riego agr\u00edcola, riego ornamental, descarga al medio ambiente. Etc. Pero lo mas interesante es la aplicaci\u00f3n de las aguas residuales para su re\u00faso dentro de las mismas empresas en procesos productivos, agua de enfriamiento, agua de prelavado y muchas otras aplicaciones.<\/p>\t\t\t\t\t\t\t\t<\/div>\n\t\t\t\t<\/div>\n\t\t\t\t\t<\/div>\n\t\t<\/div>\n\t\t\t\t\t<\/div>\n\t\t<\/section>\n\t\t\t\t<section class=\"elementor-section elementor-top-section elementor-element elementor-element-15f2bc3 elementor-section-boxed elementor-section-height-default elementor-section-height-default\" data-id=\"15f2bc3\" data-element_type=\"section\">\n\t\t\t\t\t\t<div class=\"elementor-container elementor-column-gap-default\">\n\t\t\t\t\t<div class=\"elementor-column elementor-col-50 elementor-top-column elementor-element elementor-element-7086d56\" data-id=\"7086d56\" data-element_type=\"column\">\n\t\t\t<div class=\"elementor-widget-wrap elementor-element-populated\">\n\t\t\t\t\t\t<div class=\"elementor-element elementor-element-440507a elementor-widget elementor-widget-image\" data-id=\"440507a\" data-element_type=\"widget\" data-widget_type=\"image.default\">\n\t\t\t\t<div class=\"elementor-widget-container\">\n\t\t\t\t\t\t\t\t\t\t\t\t\t\t\t<img decoding=\"async\" width=\"237\" height=\"237\" data-src=\"https:\/\/biolightuv.com\/es\/wp-content\/uploads\/2021\/03\/canal2.jpg\" class=\"attachment-medium size-medium wp-image-446 lazyload\" alt=\"\" data-srcset=\"https:\/\/biolightuv.com\/es\/wp-content\/uploads\/2021\/03\/canal2.jpg 237w, https:\/\/biolightuv.com\/es\/wp-content\/uploads\/2021\/03\/canal2-100x100.jpg 100w, https:\/\/biolightuv.com\/es\/wp-content\/uploads\/2021\/03\/canal2-150x150.jpg 150w\" data-sizes=\"(max-width: 237px) 100vw, 237px\" src=\"data:image\/gif;base64,R0lGODlhAQABAAAAACH5BAEKAAEALAAAAAABAAEAAAICTAEAOw==\" style=\"--smush-placeholder-width: 237px; --smush-placeholder-aspect-ratio: 237\/237;\" \/>\t\t\t\t\t\t\t\t\t\t\t\t\t\t\t<\/div>\n\t\t\t\t<\/div>\n\t\t\t\t\t<\/div>\n\t\t<\/div>\n\t\t\t\t<div class=\"elementor-column elementor-col-50 elementor-top-column elementor-element elementor-element-e36fbd0\" data-id=\"e36fbd0\" data-element_type=\"column\">\n\t\t\t<div class=\"elementor-widget-wrap elementor-element-populated\">\n\t\t\t\t\t\t<div class=\"elementor-element elementor-element-9446600 elementor-widget elementor-widget-image\" data-id=\"9446600\" data-element_type=\"widget\" data-widget_type=\"image.default\">\n\t\t\t\t<div class=\"elementor-widget-container\">\n\t\t\t\t\t\t\t\t\t\t\t\t\t\t\t<img decoding=\"async\" width=\"300\" height=\"300\" data-src=\"https:\/\/biolightuv.com\/es\/wp-content\/uploads\/2021\/03\/filtro3-300x300.jpg\" class=\"attachment-medium size-medium wp-image-447 lazyload\" alt=\"\" data-srcset=\"https:\/\/biolightuv.com\/es\/wp-content\/uploads\/2021\/03\/filtro3-300x300.jpg 300w, https:\/\/biolightuv.com\/es\/wp-content\/uploads\/2021\/03\/filtro3-100x100.jpg 100w, https:\/\/biolightuv.com\/es\/wp-content\/uploads\/2021\/03\/filtro3-150x150.jpg 150w, https:\/\/biolightuv.com\/es\/wp-content\/uploads\/2021\/03\/filtro3.jpg 600w\" data-sizes=\"(max-width: 300px) 100vw, 300px\" src=\"data:image\/gif;base64,R0lGODlhAQABAAAAACH5BAEKAAEALAAAAAABAAEAAAICTAEAOw==\" style=\"--smush-placeholder-width: 300px; --smush-placeholder-aspect-ratio: 300\/300;\" \/>\t\t\t\t\t\t\t\t\t\t\t\t\t\t\t<\/div>\n\t\t\t\t<\/div>\n\t\t\t\t\t<\/div>\n\t\t<\/div>\n\t\t\t\t\t<\/div>\n\t\t<\/section>\n\t\t\t\t<\/div>\n\t\t","protected":false},"excerpt":{"rendered":"<p>Tratamiento de Agua Residual Con el prop\u00f3sito de cumplir las leyes y normas para la protecci\u00f3n del medio ambiente. Con el prop\u00f3sito de cumplir las leyes y normas para la protecci\u00f3n del medio ambiente, muchas instalaciones de aguas residuales han adoptado la luz (UV) como la opci\u00f3n mas adecuada de tratamiento en comparaci\u00f3n con la [&hellip;]<\/p>\n","protected":false},"author":1,"featured_media":0,"parent":0,"menu_order":0,"comment_status":"closed","ping_status":"closed","template":"","meta":{"ocean_post_layout":"","ocean_both_sidebars_style":"","ocean_both_sidebars_content_width":0,"ocean_both_sidebars_sidebars_width":0,"ocean_sidebar":"0","ocean_second_sidebar":"0","ocean_disable_margins":"enable","ocean_add_body_class":"","ocean_shortcode_before_top_bar":"","ocean_shortcode_after_top_bar":"","ocean_shortcode_before_header":"","ocean_shortcode_after_header":"","ocean_has_shortcode":"","ocean_shortcode_after_title":"","ocean_shortcode_before_footer_widgets":"","ocean_shortcode_after_footer_widgets":"","ocean_shortcode_before_footer_bottom":"","ocean_shortcode_after_footer_bottom":"","ocean_display_top_bar":"default","ocean_display_header":"default","ocean_header_style":"","ocean_center_header_left_menu":"0","ocean_custom_header_template":"0","ocean_custom_logo":0,"ocean_custom_retina_logo":0,"ocean_custom_logo_max_width":0,"ocean_custom_logo_tablet_max_width":0,"ocean_custom_logo_mobile_max_width":0,"ocean_custom_logo_max_height":0,"ocean_custom_logo_tablet_max_height":0,"ocean_custom_logo_mobile_max_height":0,"ocean_header_custom_menu":"0","ocean_menu_typo_font_family":"0","ocean_menu_typo_font_subset":"","ocean_menu_typo_font_size":0,"ocean_menu_typo_font_size_tablet":0,"ocean_menu_typo_font_size_mobile":0,"ocean_menu_typo_font_size_unit":"px","ocean_menu_typo_font_weight":"","ocean_menu_typo_font_weight_tablet":"","ocean_menu_typo_font_weight_mobile":"","ocean_menu_typo_transform":"","ocean_menu_typo_transform_tablet":"","ocean_menu_typo_transform_mobile":"","ocean_menu_typo_line_height":0,"ocean_menu_typo_line_height_tablet":0,"ocean_menu_typo_line_height_mobile":0,"ocean_menu_typo_line_height_unit":"","ocean_menu_typo_spacing":0,"ocean_menu_typo_spacing_tablet":0,"ocean_menu_typo_spacing_mobile":0,"ocean_menu_typo_spacing_unit":"","ocean_menu_link_color":"","ocean_menu_link_color_hover":"","ocean_menu_link_color_active":"","ocean_menu_link_background":"","ocean_menu_link_hover_background":"","ocean_menu_link_active_background":"","ocean_menu_social_links_bg":"","ocean_menu_social_hover_links_bg":"","ocean_menu_social_links_color":"","ocean_menu_social_hover_links_color":"","ocean_disable_title":"on","ocean_disable_heading":"default","ocean_post_title":"","ocean_post_subheading":"","ocean_post_title_style":"","ocean_post_title_background_color":"","ocean_post_title_background":0,"ocean_post_title_bg_image_position":"","ocean_post_title_bg_image_attachment":"","ocean_post_title_bg_image_repeat":"","ocean_post_title_bg_image_size":"","ocean_post_title_height":0,"ocean_post_title_bg_overlay":0.5,"ocean_post_title_bg_overlay_color":"","ocean_disable_breadcrumbs":"default","ocean_breadcrumbs_color":"","ocean_breadcrumbs_separator_color":"","ocean_breadcrumbs_links_color":"","ocean_breadcrumbs_links_hover_color":"","ocean_display_footer_widgets":"default","ocean_display_footer_bottom":"default","ocean_custom_footer_template":"0","footnotes":""},"class_list":["post-26","page","type-page","status-publish","hentry","entry"],"yoast_head":"<!-- This site is optimized with the Yoast SEO plugin v27.5 - https:\/\/yoast.com\/product\/yoast-seo-wordpress\/ -->\n<title>Tratamiento de Agua Residual - Biolight<\/title>\n<meta name=\"robots\" content=\"index, follow, max-snippet:-1, max-image-preview:large, max-video-preview:-1\" \/>\n<link rel=\"canonical\" href=\"https:\/\/biolightuv.com\/es\/tratamiento-de-agua-residual\/\" \/>\n<meta property=\"og:locale\" content=\"es_ES\" \/>\n<meta property=\"og:type\" content=\"article\" \/>\n<meta property=\"og:title\" content=\"Tratamiento de Agua Residual - Biolight\" \/>\n<meta property=\"og:description\" content=\"Tratamiento de Agua Residual Con el prop\u00f3sito de cumplir las leyes y normas para la protecci\u00f3n del medio ambiente. Con el prop\u00f3sito de cumplir las leyes y normas para la protecci\u00f3n del medio ambiente, muchas instalaciones de aguas residuales han adoptado la luz (UV) como la opci\u00f3n mas adecuada de tratamiento en comparaci\u00f3n con la [&hellip;]\" \/>\n<meta property=\"og:url\" content=\"https:\/\/biolightuv.com\/es\/tratamiento-de-agua-residual\/\" \/>\n<meta property=\"og:site_name\" content=\"Biolight\" \/>\n<meta property=\"article:modified_time\" content=\"2021-03-05T12:56:00+00:00\" \/>\n<meta property=\"og:image\" content=\"https:\/\/biolightuv.com\/es\/wp-content\/uploads\/2021\/03\/tratameinto_riles.jpg\" \/>\n<meta name=\"twitter:card\" content=\"summary_large_image\" \/>\n<meta name=\"twitter:label1\" content=\"Tiempo de lectura\" \/>\n\t<meta name=\"twitter:data1\" content=\"1 minuto\" \/>\n<script type=\"application\/ld+json\" class=\"yoast-schema-graph\">{\"@context\":\"https:\\\/\\\/schema.org\",\"@graph\":[{\"@type\":\"WebPage\",\"@id\":\"https:\\\/\\\/biolightuv.com\\\/es\\\/tratamiento-de-agua-residual\\\/\",\"url\":\"https:\\\/\\\/biolightuv.com\\\/es\\\/tratamiento-de-agua-residual\\\/\",\"name\":\"Tratamiento de Agua Residual - Biolight\",\"isPartOf\":{\"@id\":\"https:\\\/\\\/biolightuv.com\\\/es\\\/#website\"},\"primaryImageOfPage\":{\"@id\":\"https:\\\/\\\/biolightuv.com\\\/es\\\/tratamiento-de-agua-residual\\\/#primaryimage\"},\"image\":{\"@id\":\"https:\\\/\\\/biolightuv.com\\\/es\\\/tratamiento-de-agua-residual\\\/#primaryimage\"},\"thumbnailUrl\":\"https:\\\/\\\/biolightuv.com\\\/es\\\/wp-content\\\/uploads\\\/2021\\\/03\\\/tratameinto_riles.jpg\",\"datePublished\":\"2021-03-02T14:30:49+00:00\",\"dateModified\":\"2021-03-05T12:56:00+00:00\",\"breadcrumb\":{\"@id\":\"https:\\\/\\\/biolightuv.com\\\/es\\\/tratamiento-de-agua-residual\\\/#breadcrumb\"},\"inLanguage\":\"es\",\"potentialAction\":[{\"@type\":\"ReadAction\",\"target\":[\"https:\\\/\\\/biolightuv.com\\\/es\\\/tratamiento-de-agua-residual\\\/\"]}]},{\"@type\":\"ImageObject\",\"inLanguage\":\"es\",\"@id\":\"https:\\\/\\\/biolightuv.com\\\/es\\\/tratamiento-de-agua-residual\\\/#primaryimage\",\"url\":\"https:\\\/\\\/biolightuv.com\\\/es\\\/wp-content\\\/uploads\\\/2021\\\/03\\\/tratameinto_riles.jpg\",\"contentUrl\":\"https:\\\/\\\/biolightuv.com\\\/es\\\/wp-content\\\/uploads\\\/2021\\\/03\\\/tratameinto_riles.jpg\",\"width\":320,\"height\":320},{\"@type\":\"BreadcrumbList\",\"@id\":\"https:\\\/\\\/biolightuv.com\\\/es\\\/tratamiento-de-agua-residual\\\/#breadcrumb\",\"itemListElement\":[{\"@type\":\"ListItem\",\"position\":1,\"name\":\"Inicio\",\"item\":\"https:\\\/\\\/biolightuv.com\\\/es\\\/\"},{\"@type\":\"ListItem\",\"position\":2,\"name\":\"Tratamiento de Agua Residual\"}]},{\"@type\":\"WebSite\",\"@id\":\"https:\\\/\\\/biolightuv.com\\\/es\\\/#website\",\"url\":\"https:\\\/\\\/biolightuv.com\\\/es\\\/\",\"name\":\"Biolight\",\"description\":\"Expertos en desinfecci\u00f3n UV\",\"publisher\":{\"@id\":\"https:\\\/\\\/biolightuv.com\\\/es\\\/#organization\"},\"potentialAction\":[{\"@type\":\"SearchAction\",\"target\":{\"@type\":\"EntryPoint\",\"urlTemplate\":\"https:\\\/\\\/biolightuv.com\\\/es\\\/?s={search_term_string}\"},\"query-input\":{\"@type\":\"PropertyValueSpecification\",\"valueRequired\":true,\"valueName\":\"search_term_string\"}}],\"inLanguage\":\"es\"},{\"@type\":\"Organization\",\"@id\":\"https:\\\/\\\/biolightuv.com\\\/es\\\/#organization\",\"name\":\"Biolight\",\"url\":\"https:\\\/\\\/biolightuv.com\\\/es\\\/\",\"logo\":{\"@type\":\"ImageObject\",\"inLanguage\":\"es\",\"@id\":\"https:\\\/\\\/biolightuv.com\\\/es\\\/#\\\/schema\\\/logo\\\/image\\\/\",\"url\":\"https:\\\/\\\/biolightuv.com\\\/es\\\/wp-content\\\/uploads\\\/2021\\\/03\\\/logo.png\",\"contentUrl\":\"https:\\\/\\\/biolightuv.com\\\/es\\\/wp-content\\\/uploads\\\/2021\\\/03\\\/logo.png\",\"width\":231,\"height\":70,\"caption\":\"Biolight\"},\"image\":{\"@id\":\"https:\\\/\\\/biolightuv.com\\\/es\\\/#\\\/schema\\\/logo\\\/image\\\/\"}}]}<\/script>\n<!-- \/ Yoast SEO plugin. -->","yoast_head_json":{"title":"Tratamiento de Agua Residual - Biolight","robots":{"index":"index","follow":"follow","max-snippet":"max-snippet:-1","max-image-preview":"max-image-preview:large","max-video-preview":"max-video-preview:-1"},"canonical":"https:\/\/biolightuv.com\/es\/tratamiento-de-agua-residual\/","og_locale":"es_ES","og_type":"article","og_title":"Tratamiento de Agua Residual - Biolight","og_description":"Tratamiento de Agua Residual Con el prop\u00f3sito de cumplir las leyes y normas para la protecci\u00f3n del medio ambiente. Con el prop\u00f3sito de cumplir las leyes y normas para la protecci\u00f3n del medio ambiente, muchas instalaciones de aguas residuales han adoptado la luz (UV) como la opci\u00f3n mas adecuada de tratamiento en comparaci\u00f3n con la [&hellip;]","og_url":"https:\/\/biolightuv.com\/es\/tratamiento-de-agua-residual\/","og_site_name":"Biolight","article_modified_time":"2021-03-05T12:56:00+00:00","og_image":[{"url":"https:\/\/biolightuv.com\/es\/wp-content\/uploads\/2021\/03\/tratameinto_riles.jpg","type":"","width":"","height":""}],"twitter_card":"summary_large_image","twitter_misc":{"Tiempo de lectura":"1 minuto"},"schema":{"@context":"https:\/\/schema.org","@graph":[{"@type":"WebPage","@id":"https:\/\/biolightuv.com\/es\/tratamiento-de-agua-residual\/","url":"https:\/\/biolightuv.com\/es\/tratamiento-de-agua-residual\/","name":"Tratamiento de Agua Residual - Biolight","isPartOf":{"@id":"https:\/\/biolightuv.com\/es\/#website"},"primaryImageOfPage":{"@id":"https:\/\/biolightuv.com\/es\/tratamiento-de-agua-residual\/#primaryimage"},"image":{"@id":"https:\/\/biolightuv.com\/es\/tratamiento-de-agua-residual\/#primaryimage"},"thumbnailUrl":"https:\/\/biolightuv.com\/es\/wp-content\/uploads\/2021\/03\/tratameinto_riles.jpg","datePublished":"2021-03-02T14:30:49+00:00","dateModified":"2021-03-05T12:56:00+00:00","breadcrumb":{"@id":"https:\/\/biolightuv.com\/es\/tratamiento-de-agua-residual\/#breadcrumb"},"inLanguage":"es","potentialAction":[{"@type":"ReadAction","target":["https:\/\/biolightuv.com\/es\/tratamiento-de-agua-residual\/"]}]},{"@type":"ImageObject","inLanguage":"es","@id":"https:\/\/biolightuv.com\/es\/tratamiento-de-agua-residual\/#primaryimage","url":"https:\/\/biolightuv.com\/es\/wp-content\/uploads\/2021\/03\/tratameinto_riles.jpg","contentUrl":"https:\/\/biolightuv.com\/es\/wp-content\/uploads\/2021\/03\/tratameinto_riles.jpg","width":320,"height":320},{"@type":"BreadcrumbList","@id":"https:\/\/biolightuv.com\/es\/tratamiento-de-agua-residual\/#breadcrumb","itemListElement":[{"@type":"ListItem","position":1,"name":"Inicio","item":"https:\/\/biolightuv.com\/es\/"},{"@type":"ListItem","position":2,"name":"Tratamiento de Agua Residual"}]},{"@type":"WebSite","@id":"https:\/\/biolightuv.com\/es\/#website","url":"https:\/\/biolightuv.com\/es\/","name":"Biolight","description":"Expertos en desinfecci\u00f3n UV","publisher":{"@id":"https:\/\/biolightuv.com\/es\/#organization"},"potentialAction":[{"@type":"SearchAction","target":{"@type":"EntryPoint","urlTemplate":"https:\/\/biolightuv.com\/es\/?s={search_term_string}"},"query-input":{"@type":"PropertyValueSpecification","valueRequired":true,"valueName":"search_term_string"}}],"inLanguage":"es"},{"@type":"Organization","@id":"https:\/\/biolightuv.com\/es\/#organization","name":"Biolight","url":"https:\/\/biolightuv.com\/es\/","logo":{"@type":"ImageObject","inLanguage":"es","@id":"https:\/\/biolightuv.com\/es\/#\/schema\/logo\/image\/","url":"https:\/\/biolightuv.com\/es\/wp-content\/uploads\/2021\/03\/logo.png","contentUrl":"https:\/\/biolightuv.com\/es\/wp-content\/uploads\/2021\/03\/logo.png","width":231,"height":70,"caption":"Biolight"},"image":{"@id":"https:\/\/biolightuv.com\/es\/#\/schema\/logo\/image\/"}}]}},"_links":{"self":[{"href":"https:\/\/biolightuv.com\/es\/wp-json\/wp\/v2\/pages\/26","targetHints":{"allow":["GET"]}}],"collection":[{"href":"https:\/\/biolightuv.com\/es\/wp-json\/wp\/v2\/pages"}],"about":[{"href":"https:\/\/biolightuv.com\/es\/wp-json\/wp\/v2\/types\/page"}],"author":[{"embeddable":true,"href":"https:\/\/biolightuv.com\/es\/wp-json\/wp\/v2\/users\/1"}],"replies":[{"embeddable":true,"href":"https:\/\/biolightuv.com\/es\/wp-json\/wp\/v2\/comments?post=26"}],"version-history":[{"count":10,"href":"https:\/\/biolightuv.com\/es\/wp-json\/wp\/v2\/pages\/26\/revisions"}],"predecessor-version":[{"id":453,"href":"https:\/\/biolightuv.com\/es\/wp-json\/wp\/v2\/pages\/26\/revisions\/453"}],"wp:attachment":[{"href":"https:\/\/biolightuv.com\/es\/wp-json\/wp\/v2\/media?parent=26"}],"curies":[{"name":"wp","href":"https:\/\/api.w.org\/{rel}","templated":true}]}}